{"id":2956,"date":"2025-10-13T15:41:18","date_gmt":"2025-10-13T15:41:18","guid":{"rendered":"https:\/\/bruno-brechemier.fr\/%e3%83%8b%e3%83%a5%e3%83%bc%e3%82%b9%e3%83%ac%e3%82%bf%e3%83%bc%e3%82%92%e8%b3%bc%e8%aa%ad%e3%81%99%e3%82%8b\/"},"modified":"2025-10-15T08:41:00","modified_gmt":"2025-10-15T08:41:00","slug":"%e3%83%8b%e3%83%a5%e3%83%bc%e3%82%b9%e3%83%ac%e3%82%bf%e3%83%bc%e3%82%92%e8%b3%bc%e8%aa%ad%e3%81%99%e3%82%8b","status":"publish","type":"page","link":"https:\/\/bruno-brechemier.fr\/ja\/%e3%83%8b%e3%83%a5%e3%83%bc%e3%82%b9%e3%83%ac%e3%82%bf%e3%83%bc%e3%82%92%e8%b3%bc%e8%aa%ad%e3%81%99%e3%82%8b\/","title":{"rendered":"\u30cb\u30e5\u30fc\u30b9\u30ec\u30bf\u30fc\u3092\u8cfc\u8aad\u3059\u308b"},"content":{"rendered":"  \n  \n  <div class=\"\n    mailpoet_form_popup_overlay\n      \"><\/div>\n  <div\n    id=\"mailpoet_form_4\"\n    class=\"\n      mailpoet_form\n      mailpoet_form_html\n      mailpoet_form_position_\n      mailpoet_form_animation_\n    \"\n      >\n\n    <style type=\"text\/css\">\n     #mailpoet_form_4 .mailpoet_form {  }\n#mailpoet_form_4 .mailpoet_column_with_background { padding: 10px; }\n#mailpoet_form_4 .mailpoet_form_column:not(:first-child) { margin-left: 20px; }\n#mailpoet_form_4 .mailpoet_paragraph { line-height: 20px; margin-bottom: 20px; }\n#mailpoet_form_4 .mailpoet_segment_label, #mailpoet_form_4 .mailpoet_text_label, #mailpoet_form_4 .mailpoet_textarea_label, #mailpoet_form_4 .mailpoet_select_label, #mailpoet_form_4 .mailpoet_radio_label, #mailpoet_form_4 .mailpoet_checkbox_label, #mailpoet_form_4 .mailpoet_list_label, #mailpoet_form_4 .mailpoet_date_label { display: block; font-weight: normal; }\n#mailpoet_form_4 .mailpoet_text, #mailpoet_form_4 .mailpoet_textarea, #mailpoet_form_4 .mailpoet_select, #mailpoet_form_4 .mailpoet_date_month, #mailpoet_form_4 .mailpoet_date_day, #mailpoet_form_4 .mailpoet_date_year, #mailpoet_form_4 .mailpoet_date { display: block; }\n#mailpoet_form_4 .mailpoet_text, #mailpoet_form_4 .mailpoet_textarea { width: 200px; }\n#mailpoet_form_4 .mailpoet_checkbox {  }\n#mailpoet_form_4 .mailpoet_submit {  }\n#mailpoet_form_4 .mailpoet_divider {  }\n#mailpoet_form_4 .mailpoet_message {  }\n#mailpoet_form_4 .mailpoet_form_loading { width: 30px; text-align: center; line-height: normal; }\n#mailpoet_form_4 .mailpoet_form_loading > span { width: 5px; height: 5px; background-color: #5b5b5b; }#mailpoet_form_4{border-radius: 0px;text-align: left;}#mailpoet_form_4 form.mailpoet_form {padding: 20px;}#mailpoet_form_4{width: 100%;}#mailpoet_form_4 .mailpoet_message {margin: 0; padding: 0 20px;}#mailpoet_form_4 .mailpoet_paragraph.last {margin-bottom: 0} @media (max-width: 500px) {#mailpoet_form_4 {background-image: none;}} @media (min-width: 500px) {#mailpoet_form_4 .last .mailpoet_paragraph:last-child {margin-bottom: 0}}  @media (max-width: 500px) {#mailpoet_form_4 .mailpoet_form_column:last-child .mailpoet_paragraph:last-child {margin-bottom: 0}} \n    <\/style>\n\n    <form\n      target=\"_self\"\n      method=\"post\"\n      action=\"https:\/\/bruno-brechemier.fr\/wp-admin\/admin-post.php?action=mailpoet_subscription_form\"\n      class=\"mailpoet_form mailpoet_form_form mailpoet_form_html\"\n      novalidate\n      data-delay=\"\"\n      data-exit-intent-enabled=\"\"\n      data-font-family=\"\"\n      data-cookie-expiration-time=\"\"\n    >\n      <input type=\"hidden\" name=\"data[form_id]\" value=\"4\" \/>\n      <input type=\"hidden\" name=\"token\" value=\"68fce19842\" \/>\n      <input type=\"hidden\" name=\"api_version\" value=\"v1\" \/>\n      <input type=\"hidden\" name=\"endpoint\" value=\"subscribers\" \/>\n      <input type=\"hidden\" name=\"mailpoet_method\" value=\"subscribe\" \/>\n\n      <label class=\"mailpoet_hp_email_label\" style=\"display: none !important;\">\u3053\u306e\u30d5\u30a3\u30fc\u30eb\u30c9\u306f\u7a7a\u767d\u306e\u307e\u307e\u306b\u3057\u3066\u304f\u3060\u3055\u3044<input type=\"email\" name=\"data[email]\"\/><\/label><div class=\"mailpoet_paragraph \"><input type=\"email\" autocomplete=\"email\" class=\"mailpoet_text\" id=\"form_email_4\" name=\"data[form_field_YWJiYjFlOTgyN2U2X2VtYWls]\" title=\"\u96fb\u5b50\u30e1\u30fc\u30eb\u30a2\u30c9\u30ec\u30b9\" value=\"\" style=\"width:100%;box-sizing:border-box;padding:5px;margin: 0 auto 0 0;\" data-automation-id=\"form_email\"  placeholder=\"\u96fb\u5b50\u30e1\u30fc\u30eb\u30a2\u30c9\u30ec\u30b9 *\" aria-label=\"\u96fb\u5b50\u30e1\u30fc\u30eb\u30a2\u30c9\u30ec\u30b9 *\" data-parsley-errors-container=\".mailpoet_error_4r51n\" data-parsley-required=\"true\" required aria-required=\"true\" data-parsley-minlength=\"6\" data-parsley-maxlength=\"150\" data-parsley-type-message=\"\u3053\u306e\u5024\u306f\u6709\u52b9\u306a\u96fb\u5b50\u30e1\u30fc\u30eb \u30a2\u30c9\u30ec\u30b9\u3067\u3042\u308b\u5fc5\u8981\u304c\u3042\u308a\u307e\u3059\u3002\" data-parsley-required-message=\"\u3053\u306e\u30d5\u30a3\u30fc\u30eb\u30c9\u306f\u5fc5\u9808\u3067\u3059\u3002\"\/><span class=\"mailpoet_error_4r51n\"><\/span><\/div>\n<div class=\"mailpoet_paragraph \"><input type=\"text\" autocomplete=\"given-name\" class=\"mailpoet_text\" id=\"form_first_name_4\" name=\"data[form_field_NjQ4NWNhZDRmYmU1X2ZpcnN0X25hbWU=]\" title=\"\u30d5\u30a1\u30fc\u30b9\u30c8\u30cd\u30fc\u30e0\" value=\"\" style=\"width:100%;box-sizing:border-box;padding:5px;margin: 0 auto 0 0;\" data-automation-id=\"form_first_name\"  placeholder=\"\u30d5\u30a1\u30fc\u30b9\u30c8\u30cd\u30fc\u30e0\" aria-label=\"\u30d5\u30a1\u30fc\u30b9\u30c8\u30cd\u30fc\u30e0\" data-parsley-errors-container=\".mailpoet_error_w7ek4\" data-parsley-names='[&quot;\u6709\u52b9\u306a\u540d\u524d\u3092\u6307\u5b9a\u3057\u3066\u304f\u3060\u3055\u3044\u3002&quot;,&quot;\u540d\u524d\u306b\u4f4f\u6240\u3092\u542b\u3081\u308b\u3053\u3068\u306f\u3067\u304d\u307e\u305b\u3093\u3002\u4ee3\u308f\u308a\u306b\u540d\u524d\u3092\u8ffd\u52a0\u3057\u3066\u304f\u3060\u3055\u3044\u3002&quot;]'\/><span class=\"mailpoet_error_w7ek4\"><\/span><\/div>\n<div class=\"mailpoet_paragraph \"><input type=\"text\" autocomplete=\"family-name\" class=\"mailpoet_text\" id=\"form_last_name_4\" name=\"data[form_field_NzA5ZGZkYmE1M2JhX2xhc3RfbmFtZQ==]\" title=\"\u59d3\" value=\"\" style=\"width:100%;box-sizing:border-box;padding:5px;margin: 0 auto 0 0;\" data-automation-id=\"form_last_name\"  placeholder=\"\u59d3\" aria-label=\"\u59d3\" data-parsley-errors-container=\".mailpoet_error_buo4s\" data-parsley-names='[&quot;\u6709\u52b9\u306a\u540d\u524d\u3092\u6307\u5b9a\u3057\u3066\u304f\u3060\u3055\u3044\u3002&quot;,&quot;\u540d\u524d\u306b\u4f4f\u6240\u3092\u542b\u3081\u308b\u3053\u3068\u306f\u3067\u304d\u307e\u305b\u3093\u3002\u4ee3\u308f\u308a\u306b\u540d\u524d\u3092\u8ffd\u52a0\u3057\u3066\u304f\u3060\u3055\u3044\u3002&quot;]'\/><span class=\"mailpoet_error_buo4s\"><\/span><\/div>\n<div class=\"mailpoet_paragraph \"><input type=\"submit\" class=\"mailpoet_submit\" value=\"\u8cfc\u8aad\u3057\u307e\u3059\uff01\" data-automation-id=\"subscribe-submit-button\" style=\"width:100%;box-sizing:border-box;padding:5px;margin: 0 auto 0 0;border-color:transparent;\" \/><span class=\"mailpoet_form_loading\"><span class=\"mailpoet_bounce1\"><\/span><span class=\"mailpoet_bounce2\"><\/span><span class=\"mailpoet_bounce3\"><\/span><\/span><\/div>\n\n      <div class=\"mailpoet_message\">\n        <p class=\"mailpoet_validate_success\"\n                style=\"display:none;\"\n                >V\u00e9rifiez votre boite de r\u00e9ception ou votre r\u00e9pertoire d\u2019ind\u00e9sirables pour confirmer votre abonnement.\n        <\/p>\n        <p class=\"mailpoet_validate_error\"\n                style=\"display:none;\"\n                >        <\/p>\n      <\/div>\n    <\/form>\n\n      <\/div>\n\n  \n\n\n<p class=\"has-text-align-center has-vivid-red-color has-text-color has-link-color wp-elements-48645cd15d569ec0c87f7b499d1237a5\" style=\"font-style:normal;font-weight:600\"><em>\u203b\u30cb\u30e5\u30fc\u30b9\u30ec\u30bf\u30fc\u306f\u65e5\u672c\u8a9e\u3067\u304a\u9001\u308a\u3057\u307e\u3059\u3002<\/em><\/p>\n\n\n\n<p><\/p>\n","protected":false},"excerpt":{"rendered":"<p>\u203b\u30cb\u30e5\u30fc\u30b9\u30ec\u30bf\u30fc\u306f\u65e5\u672c\u8a9e\u3067\u304a\u9001\u308a\u3057\u307e\u3059\u3002<\/p>\n","protected":false},"author":2,"featured_media":0,"parent":0,"menu_order":0,"comment_status":"closed","ping_status":"closed","template":"","meta":{"site-sidebar-layout":"default","site-content-layout":"","ast-site-content-layout":"narrow-width-container","site-content-style":"default","site-sidebar-style":"default","ast-global-header-display":"","ast-banner-title-visibility":"","ast-main-header-display":"","ast-hfb-above-header-display":"","ast-hfb-below-header-display":"","ast-hfb-mobile-header-display":"","site-post-title":"","ast-breadcrumbs-content":"","ast-featured-img":"","footer-sml-layout":"","ast-disable-related-posts":"","theme-transparent-header-meta":"","adv-header-id-meta":"","stick-header-meta":"","header-above-stick-meta":"","header-main-stick-meta":"","header-below-stick-meta":"","astra-migrate-meta-layouts":"default","ast-page-background-enabled":"default","ast-page-background-meta":{"desktop":{"background-color":"var(--ast-global-color-5)","background-image":"","background-repeat":"repeat","background-position":"center center","background-size":"auto","background-attachment":"scroll","background-type":"","background-media":"","overlay-type":"","overlay-color":"","overlay-opacity":"","overlay-gradient":""},"tablet":{"background-color":"","background-image":"","background-repeat":"repeat","background-position":"center center","background-size":"auto","background-attachment":"scroll","background-type":"","background-media":"","overlay-type":"","overlay-color":"","overlay-opacity":"","overlay-gradient":""},"mobile":{"background-color":"","background-image":"","background-repeat":"repeat","background-position":"center center","background-size":"auto","background-attachment":"scroll","background-type":"","background-media":"","overlay-type":"","overlay-color":"","overlay-opacity":"","overlay-gradient":""}},"ast-content-background-meta":{"desktop":{"background-color":"var(--ast-global-color-4)","background-image":"","background-repeat":"repeat","background-position":"center center","background-size":"auto","background-attachment":"scroll","background-type":"","background-media":"","overlay-type":"","overlay-color":"","overlay-opacity":"","overlay-gradient":""},"tablet":{"background-color":"var(--ast-global-color-4)","background-image":"","background-repeat":"repeat","background-position":"center center","background-size":"auto","background-attachment":"scroll","background-type":"","background-media":"","overlay-type":"","overlay-color":"","overlay-opacity":"","overlay-gradient":""},"mobile":{"background-color":"var(--ast-global-color-4)","background-image":"","background-repeat":"repeat","background-position":"center center","background-size":"auto","background-attachment":"scroll","background-type":"","background-media":"","overlay-type":"","overlay-color":"","overlay-opacity":"","overlay-gradient":""}},"footnotes":""},"class_list":["post-2956","page","type-page","status-publish","hentry"],"yoast_head":"<!-- This site is optimized with the Yoast SEO plugin v27.4 - https:\/\/yoast.com\/product\/yoast-seo-wordpress\/ -->\n<title>\u30cb\u30e5\u30fc\u30b9\u30ec\u30bf\u30fc\u3092\u8cfc\u8aad\u3059\u308b - Bruno Br\u00e9chemier<\/title>\n<meta name=\"robots\" content=\"index, follow, max-snippet:-1, max-image-preview:large, max-video-preview:-1\" \/>\n<link rel=\"canonical\" href=\"https:\/\/bruno-brechemier.fr\/ja\/%e3%83%8b%e3%83%a5%e3%83%bc%e3%82%b9%e3%83%ac%e3%82%bf%e3%83%bc%e3%82%92%e8%b3%bc%e8%aa%ad%e3%81%99%e3%82%8b\/\" \/>\n<meta property=\"og:locale\" content=\"ja_JP\" \/>\n<meta property=\"og:type\" content=\"article\" \/>\n<meta property=\"og:title\" content=\"\u30cb\u30e5\u30fc\u30b9\u30ec\u30bf\u30fc\u3092\u8cfc\u8aad\u3059\u308b - Bruno Br\u00e9chemier\" \/>\n<meta property=\"og:description\" content=\"\u203b\u30cb\u30e5\u30fc\u30b9\u30ec\u30bf\u30fc\u306f\u65e5\u672c\u8a9e\u3067\u304a\u9001\u308a\u3057\u307e\u3059\u3002\" \/>\n<meta property=\"og:url\" content=\"https:\/\/bruno-brechemier.fr\/ja\/%e3%83%8b%e3%83%a5%e3%83%bc%e3%82%b9%e3%83%ac%e3%82%bf%e3%83%bc%e3%82%92%e8%b3%bc%e8%aa%ad%e3%81%99%e3%82%8b\/\" \/>\n<meta property=\"og:site_name\" content=\"Bruno Br\u00e9chemier\" \/>\n<meta property=\"article:modified_time\" content=\"2025-10-15T08:41:00+00:00\" \/>\n<meta name=\"twitter:card\" content=\"summary_large_image\" \/>\n<meta name=\"twitter:label1\" content=\"\u63a8\u5b9a\u8aad\u307f\u53d6\u308a\u6642\u9593\" \/>\n\t<meta name=\"twitter:data1\" content=\"1\u5206\" \/>\n<script type=\"application\/ld+json\" class=\"yoast-schema-graph\">{\"@context\":\"https:\\\/\\\/schema.org\",\"@graph\":[{\"@type\":\"WebPage\",\"@id\":\"https:\\\/\\\/bruno-brechemier.fr\\\/ja\\\/%e3%83%8b%e3%83%a5%e3%83%bc%e3%82%b9%e3%83%ac%e3%82%bf%e3%83%bc%e3%82%92%e8%b3%bc%e8%aa%ad%e3%81%99%e3%82%8b\\\/\",\"url\":\"https:\\\/\\\/bruno-brechemier.fr\\\/ja\\\/%e3%83%8b%e3%83%a5%e3%83%bc%e3%82%b9%e3%83%ac%e3%82%bf%e3%83%bc%e3%82%92%e8%b3%bc%e8%aa%ad%e3%81%99%e3%82%8b\\\/\",\"name\":\"\u30cb\u30e5\u30fc\u30b9\u30ec\u30bf\u30fc\u3092\u8cfc\u8aad\u3059\u308b - Bruno Br\u00e9chemier\",\"isPartOf\":{\"@id\":\"https:\\\/\\\/bruno-brechemier.fr\\\/ja\\\/#website\"},\"datePublished\":\"2025-10-13T15:41:18+00:00\",\"dateModified\":\"2025-10-15T08:41:00+00:00\",\"breadcrumb\":{\"@id\":\"https:\\\/\\\/bruno-brechemier.fr\\\/ja\\\/%e3%83%8b%e3%83%a5%e3%83%bc%e3%82%b9%e3%83%ac%e3%82%bf%e3%83%bc%e3%82%92%e8%b3%bc%e8%aa%ad%e3%81%99%e3%82%8b\\\/#breadcrumb\"},\"inLanguage\":\"ja\",\"potentialAction\":[{\"@type\":\"ReadAction\",\"target\":[\"https:\\\/\\\/bruno-brechemier.fr\\\/ja\\\/%e3%83%8b%e3%83%a5%e3%83%bc%e3%82%b9%e3%83%ac%e3%82%bf%e3%83%bc%e3%82%92%e8%b3%bc%e8%aa%ad%e3%81%99%e3%82%8b\\\/\"]}]},{\"@type\":\"BreadcrumbList\",\"@id\":\"https:\\\/\\\/bruno-brechemier.fr\\\/ja\\\/%e3%83%8b%e3%83%a5%e3%83%bc%e3%82%b9%e3%83%ac%e3%82%bf%e3%83%bc%e3%82%92%e8%b3%bc%e8%aa%ad%e3%81%99%e3%82%8b\\\/#breadcrumb\",\"itemListElement\":[{\"@type\":\"ListItem\",\"position\":1,\"name\":\"\u3044\u3089\u3063\u3057\u3083\u3044\u307e\u305b\",\"item\":\"https:\\\/\\\/bruno-brechemier.fr\\\/ja\\\/\"},{\"@type\":\"ListItem\",\"position\":2,\"name\":\"\u30cb\u30e5\u30fc\u30b9\u30ec\u30bf\u30fc\u3092\u8cfc\u8aad\u3059\u308b\"}]},{\"@type\":\"WebSite\",\"@id\":\"https:\\\/\\\/bruno-brechemier.fr\\\/ja\\\/#website\",\"url\":\"https:\\\/\\\/bruno-brechemier.fr\\\/ja\\\/\",\"name\":\"Bruno Br\u00e9chemier\",\"description\":\"Se laisser inspirer par le dialogue entre hypnose et culture japonaise\",\"publisher\":{\"@id\":\"https:\\\/\\\/bruno-brechemier.fr\\\/ja\\\/#organization\"},\"potentialAction\":[{\"@type\":\"SearchAction\",\"target\":{\"@type\":\"EntryPoint\",\"urlTemplate\":\"https:\\\/\\\/bruno-brechemier.fr\\\/ja\\\/?s={search_term_string}\"},\"query-input\":{\"@type\":\"PropertyValueSpecification\",\"valueRequired\":true,\"valueName\":\"search_term_string\"}}],\"inLanguage\":\"ja\"},{\"@type\":\"Organization\",\"@id\":\"https:\\\/\\\/bruno-brechemier.fr\\\/ja\\\/#organization\",\"name\":\"Bruno Br\u00e9chemier\",\"url\":\"https:\\\/\\\/bruno-brechemier.fr\\\/ja\\\/\",\"logo\":{\"@type\":\"ImageObject\",\"inLanguage\":\"ja\",\"@id\":\"https:\\\/\\\/bruno-brechemier.fr\\\/ja\\\/#\\\/schema\\\/logo\\\/image\\\/\",\"url\":\"https:\\\/\\\/bruno-brechemier.fr\\\/wp-content\\\/uploads\\\/2025\\\/09\\\/cropped-logosite_entete_sans_texte-scaled-1.png\",\"contentUrl\":\"https:\\\/\\\/bruno-brechemier.fr\\\/wp-content\\\/uploads\\\/2025\\\/09\\\/cropped-logosite_entete_sans_texte-scaled-1.png\",\"width\":2558,\"height\":701,\"caption\":\"Bruno Br\u00e9chemier\"},\"image\":{\"@id\":\"https:\\\/\\\/bruno-brechemier.fr\\\/ja\\\/#\\\/schema\\\/logo\\\/image\\\/\"}}]}<\/script>\n<!-- \/ Yoast SEO plugin. -->","yoast_head_json":{"title":"\u30cb\u30e5\u30fc\u30b9\u30ec\u30bf\u30fc\u3092\u8cfc\u8aad\u3059\u308b - Bruno Br\u00e9chemier","robots":{"index":"index","follow":"follow","max-snippet":"max-snippet:-1","max-image-preview":"max-image-preview:large","max-video-preview":"max-video-preview:-1"},"canonical":"https:\/\/bruno-brechemier.fr\/ja\/%e3%83%8b%e3%83%a5%e3%83%bc%e3%82%b9%e3%83%ac%e3%82%bf%e3%83%bc%e3%82%92%e8%b3%bc%e8%aa%ad%e3%81%99%e3%82%8b\/","og_locale":"ja_JP","og_type":"article","og_title":"\u30cb\u30e5\u30fc\u30b9\u30ec\u30bf\u30fc\u3092\u8cfc\u8aad\u3059\u308b - Bruno Br\u00e9chemier","og_description":"\u203b\u30cb\u30e5\u30fc\u30b9\u30ec\u30bf\u30fc\u306f\u65e5\u672c\u8a9e\u3067\u304a\u9001\u308a\u3057\u307e\u3059\u3002","og_url":"https:\/\/bruno-brechemier.fr\/ja\/%e3%83%8b%e3%83%a5%e3%83%bc%e3%82%b9%e3%83%ac%e3%82%bf%e3%83%bc%e3%82%92%e8%b3%bc%e8%aa%ad%e3%81%99%e3%82%8b\/","og_site_name":"Bruno Br\u00e9chemier","article_modified_time":"2025-10-15T08:41:00+00:00","twitter_card":"summary_large_image","twitter_misc":{"\u63a8\u5b9a\u8aad\u307f\u53d6\u308a\u6642\u9593":"1\u5206"},"schema":{"@context":"https:\/\/schema.org","@graph":[{"@type":"WebPage","@id":"https:\/\/bruno-brechemier.fr\/ja\/%e3%83%8b%e3%83%a5%e3%83%bc%e3%82%b9%e3%83%ac%e3%82%bf%e3%83%bc%e3%82%92%e8%b3%bc%e8%aa%ad%e3%81%99%e3%82%8b\/","url":"https:\/\/bruno-brechemier.fr\/ja\/%e3%83%8b%e3%83%a5%e3%83%bc%e3%82%b9%e3%83%ac%e3%82%bf%e3%83%bc%e3%82%92%e8%b3%bc%e8%aa%ad%e3%81%99%e3%82%8b\/","name":"\u30cb\u30e5\u30fc\u30b9\u30ec\u30bf\u30fc\u3092\u8cfc\u8aad\u3059\u308b - Bruno Br\u00e9chemier","isPartOf":{"@id":"https:\/\/bruno-brechemier.fr\/ja\/#website"},"datePublished":"2025-10-13T15:41:18+00:00","dateModified":"2025-10-15T08:41:00+00:00","breadcrumb":{"@id":"https:\/\/bruno-brechemier.fr\/ja\/%e3%83%8b%e3%83%a5%e3%83%bc%e3%82%b9%e3%83%ac%e3%82%bf%e3%83%bc%e3%82%92%e8%b3%bc%e8%aa%ad%e3%81%99%e3%82%8b\/#breadcrumb"},"inLanguage":"ja","potentialAction":[{"@type":"ReadAction","target":["https:\/\/bruno-brechemier.fr\/ja\/%e3%83%8b%e3%83%a5%e3%83%bc%e3%82%b9%e3%83%ac%e3%82%bf%e3%83%bc%e3%82%92%e8%b3%bc%e8%aa%ad%e3%81%99%e3%82%8b\/"]}]},{"@type":"BreadcrumbList","@id":"https:\/\/bruno-brechemier.fr\/ja\/%e3%83%8b%e3%83%a5%e3%83%bc%e3%82%b9%e3%83%ac%e3%82%bf%e3%83%bc%e3%82%92%e8%b3%bc%e8%aa%ad%e3%81%99%e3%82%8b\/#breadcrumb","itemListElement":[{"@type":"ListItem","position":1,"name":"\u3044\u3089\u3063\u3057\u3083\u3044\u307e\u305b","item":"https:\/\/bruno-brechemier.fr\/ja\/"},{"@type":"ListItem","position":2,"name":"\u30cb\u30e5\u30fc\u30b9\u30ec\u30bf\u30fc\u3092\u8cfc\u8aad\u3059\u308b"}]},{"@type":"WebSite","@id":"https:\/\/bruno-brechemier.fr\/ja\/#website","url":"https:\/\/bruno-brechemier.fr\/ja\/","name":"Bruno Br\u00e9chemier","description":"Se laisser inspirer par le dialogue entre hypnose et culture japonaise","publisher":{"@id":"https:\/\/bruno-brechemier.fr\/ja\/#organization"},"potentialAction":[{"@type":"SearchAction","target":{"@type":"EntryPoint","urlTemplate":"https:\/\/bruno-brechemier.fr\/ja\/?s={search_term_string}"},"query-input":{"@type":"PropertyValueSpecification","valueRequired":true,"valueName":"search_term_string"}}],"inLanguage":"ja"},{"@type":"Organization","@id":"https:\/\/bruno-brechemier.fr\/ja\/#organization","name":"Bruno Br\u00e9chemier","url":"https:\/\/bruno-brechemier.fr\/ja\/","logo":{"@type":"ImageObject","inLanguage":"ja","@id":"https:\/\/bruno-brechemier.fr\/ja\/#\/schema\/logo\/image\/","url":"https:\/\/bruno-brechemier.fr\/wp-content\/uploads\/2025\/09\/cropped-logosite_entete_sans_texte-scaled-1.png","contentUrl":"https:\/\/bruno-brechemier.fr\/wp-content\/uploads\/2025\/09\/cropped-logosite_entete_sans_texte-scaled-1.png","width":2558,"height":701,"caption":"Bruno Br\u00e9chemier"},"image":{"@id":"https:\/\/bruno-brechemier.fr\/ja\/#\/schema\/logo\/image\/"}}]}},"_links":{"self":[{"href":"https:\/\/bruno-brechemier.fr\/ja\/wp-json\/wp\/v2\/pages\/2956","targetHints":{"allow":["GET"]}}],"collection":[{"href":"https:\/\/bruno-brechemier.fr\/ja\/wp-json\/wp\/v2\/pages"}],"about":[{"href":"https:\/\/bruno-brechemier.fr\/ja\/wp-json\/wp\/v2\/types\/page"}],"author":[{"embeddable":true,"href":"https:\/\/bruno-brechemier.fr\/ja\/wp-json\/wp\/v2\/users\/2"}],"replies":[{"embeddable":true,"href":"https:\/\/bruno-brechemier.fr\/ja\/wp-json\/wp\/v2\/comments?post=2956"}],"version-history":[{"count":0,"href":"https:\/\/bruno-brechemier.fr\/ja\/wp-json\/wp\/v2\/pages\/2956\/revisions"}],"wp:attachment":[{"href":"https:\/\/bruno-brechemier.fr\/ja\/wp-json\/wp\/v2\/media?parent=2956"}],"curies":[{"name":"wp","href":"https:\/\/api.w.org\/{rel}","templated":true}]}}