{"id":1682,"date":"2025-09-23T17:01:41","date_gmt":"2025-09-23T17:01:41","guid":{"rendered":"https:\/\/bruno-brechemier.fr\/%e5%9b%9e%e6%83%b3%e9%8c%b2\/"},"modified":"2026-03-23T11:45:16","modified_gmt":"2026-03-23T11:45:16","slug":"%e5%9b%9e%e6%83%b3%e9%8c%b2","status":"publish","type":"page","link":"https:\/\/bruno-brechemier.fr\/ja\/%e5%9b%9e%e6%83%b3%e9%8c%b2\/","title":{"rendered":"\u50ac\u7720\u306e\u8ad6\u6587"},"content":{"rendered":"\n<div class=\"wp-block-columns is-layout-flex wp-container-core-columns-is-layout-28f84493 wp-block-columns-is-layout-flex\">\n<div class=\"wp-block-column is-layout-flow wp-block-column-is-layout-flow\" style=\"flex-basis:66.66%\">\n<div class=\"wp-block-group is-layout-constrained wp-block-group-is-layout-constrained\">\n<p><strong>L&#8217;hypnose, une voie d&#8217;acc\u00e8s \u00e0 l&#8217;int\u00e9riorit\u00e9<\/strong><em>, <\/em>M\u00e9moire de Formation \u00e0 l&#8217;Hypnose Medicale, Universit\u00e9 Pierre et Marie Curie, Paris VI, Facult\u00e9 de Medecine Piti\u00e9-Salp\u00eatri\u00e8re (2013).  <\/p>\n\n\n\n<div id=\"centrer-groupe\" class=\"wp-block-group is-layout-constrained wp-block-group-is-layout-constrained\"><div class=\"_df_thumb \" id=\"df_5183\"  _slug=\"\" data-title=\"\" wpoptions=\"true\" thumb=\"https:\/\/bruno-brechemier.fr\/wp-content\/uploads\/2025\/10\/Memoire-AFEHM-page-1-1.png\" thumbtype=\"\" >Open Book<\/div><script class=\"df-shortcode-script\" nowprocket type=\"application\/javascript\">window.option_df_5183 = {\"outline\":[],\"autoEnableOutline\":\"false\",\"autoEnableThumbnail\":\"false\",\"overwritePDFOutline\":\"false\",\"direction\":\"1\",\"pageSize\":\"0\",\"source\":\"https:\\\/\\\/bruno-brechemier.fr\\\/wp-content\\\/uploads\\\/2025\\\/07\\\/Memoire-AFEHM.pdf\",\"wpOptions\":\"true\"}; if(window.DFLIP && window.DFLIP.parseBooks){window.DFLIP.parseBooks();}<\/script>\n<\/div>\n\n\n\n<div style=\"height:48px\" aria-hidden=\"true\" class=\"wp-block-spacer\"><\/div>\n\n\n\n<p class=\"textejustification\"><strong>Caroline, histoire d&#8217;un membre fant\u00f4me<\/strong>, D.U. d&#8217;Hypnose M\u00e9dicale final year dissertation, Universit\u00e9 Pierre et Marie Curie, Paris VI, Facult\u00e9 de M\u00e9decine Piti\u00e9-Salp\u00eatri\u00e8re (2014).  <\/p>\n\n\n\n<div id=\"centrer-groupe\" class=\"wp-block-group is-layout-constrained wp-block-group-is-layout-constrained\"><div class=\"_df_thumb \" id=\"df_5188\"  _slug=\"\" data-title=\"\" wpoptions=\"true\" thumb=\"https:\/\/bruno-brechemier.fr\/wp-content\/uploads\/2025\/10\/Memoire-DU-Hypnose-Medicale-page-1.png\" thumbtype=\"\" >Open Book<\/div><script class=\"df-shortcode-script\" nowprocket type=\"application\/javascript\">window.option_df_5188 = {\"outline\":[],\"autoEnableOutline\":\"false\",\"autoEnableThumbnail\":\"false\",\"overwritePDFOutline\":\"false\",\"direction\":\"1\",\"pageSize\":\"0\",\"source\":\"https:\\\/\\\/bruno-brechemier.fr\\\/wp-content\\\/uploads\\\/2025\\\/07\\\/Memoire-DU-Hypnose-Medicale.pdf\",\"wpOptions\":\"true\"}; if(window.DFLIP && window.DFLIP.parseBooks){window.DFLIP.parseBooks();}<\/script>\n<\/div>\n\n\n\n<p><\/p>\n<\/div>\n<\/div>\n\n\n\n<div class=\"wp-block-column is-vertically-aligned-top is-layout-flow wp-block-column-is-layout-flow\" style=\"flex-basis:20%\"><form role=\"search\" method=\"get\" action=\"https:\/\/bruno-brechemier.fr\/ja\/\" class=\"wp-block-search__button-outside wp-block-search__icon-button wp-block-search\"    ><label class=\"wp-block-search__label screen-reader-text\" for=\"wp-block-search__input-1\" >\u7814\u7a76\u3059\u308b<\/label><div class=\"wp-block-search__inside-wrapper\"  style=\"width: 100%\"><input class=\"wp-block-search__input\" id=\"wp-block-search__input-1\" placeholder=\"\u7814\u7a76\u3059\u308b\" value=\"\" type=\"search\" name=\"s\" required \/><button aria-label=\"\u7814\u7a76\u3059\u308b\" class=\"wp-block-search__button has-icon wp-element-button\" type=\"submit\" ><svg class=\"search-icon\" viewBox=\"0 0 24 24\" width=\"24\" height=\"24\">\n\t\t\t\t\t<path d=\"M13 5c-3.3 0-6 2.7-6 6 0 1.4.5 2.7 1.3 3.7l-3.8 3.8 1.1 1.1 3.8-3.8c1 .8 2.3 1.3 3.7 1.3 3.3 0 6-2.7 6-6S16.3 5 13 5zm0 10.5c-2.5 0-4.5-2-4.5-4.5s2-4.5 4.5-4.5 4.5 2 4.5 4.5-2 4.5-4.5 4.5z\"><\/path>\n\t\t\t\t<\/svg><\/button><\/div><\/form>\n\n\n<div class=\"wp-block-buttons is-layout-flex wp-block-buttons-is-layout-flex\">\n<div class=\"wp-block-button has-custom-width wp-block-button__width-100\"><a class=\"wp-block-button__link wp-element-button\" href=\"https:\/\/bruno-brechemier.fr\/ja\/%e3%83%8b%e3%83%a5%e3%83%bc%e3%82%b9%e3%83%ac%e3%82%bf%e3%83%bc%e3%82%92%e8%b3%bc%e8%aa%ad%e3%81%99%e3%82%8b\/\"><strong>\u30cb\u30e5\u30fc\u30b9\u30ec\u30bf\u30fc\u3092\u8cfc\u8aad\u3059\u308b<\/strong><\/a><\/div>\n<\/div>\n\n\n<ul style=\"font-size:18px;font-style:normal;font-weight:700; border-radius:2px;border-width:1px; padding-right:var(--wp--preset--spacing--20);padding-left:var(--wp--preset--spacing--20);padding-top:0;padding-bottom:0;margin-right:0;margin-left:0;margin-top:var(--wp--preset--spacing--50);margin-bottom:var(--wp--preset--spacing--50);\" class=\"wp-block-latest-posts__list has-author has-link-color wp-elements-725325d78bad523a28ac984884927dab wp-block-latest-posts has-background has-ast-global-color-7-background-color\"><li><div class=\"wp-block-latest-posts__featured-image aligncenter\"><a href=\"https:\/\/bruno-brechemier.fr\/ja\/%e5%82%ac%e7%9c%a0%e3%81%a8%e6%97%a5%e6%9c%ac%e6%96%87%e5%8c%96%ef%bc%9a%e5%82%ac%e7%9c%a0%e7%99%82%e6%b3%95%e5%a3%ab%e3%83%bb%e4%b8%ad%e8%a5%bf%e7%9c%9f%e7%be%8e%e3%81%a8%e3%81%ae%e5%af%be%e8%a9%b1\/\" aria-label=\"\u6771\u4eac\u306e\u30d2\u30d7\u30ce\u30bb\u30e9\u30d4\u30b9\u30c8\u3001\u4e2d\u897f\u9ebb\u7f8e\u3068\u306e\u30d3\u30c7\u30aa\u30c1\u30e3\u30c3\u30c8\u3002\"><img decoding=\"async\" width=\"235\" height=\"300\" src=\"https:\/\/bruno-brechemier.fr\/wp-content\/uploads\/2026\/04\/Capture-decran-2026-04-18-a-23.26.51-235x300.jpg\" class=\"attachment-medium size-medium wp-post-image\" alt=\"\u4e2d\u897f\u9ebb\u7f8e\" style=\"\" srcset=\"https:\/\/bruno-brechemier.fr\/wp-content\/uploads\/2026\/04\/Capture-decran-2026-04-18-a-23.26.51-235x300.jpg 235w, https:\/\/bruno-brechemier.fr\/wp-content\/uploads\/2026\/04\/Capture-decran-2026-04-18-a-23.26.51-801x1024.jpg 801w, https:\/\/bruno-brechemier.fr\/wp-content\/uploads\/2026\/04\/Capture-decran-2026-04-18-a-23.26.51-768x982.jpg 768w, https:\/\/bruno-brechemier.fr\/wp-content\/uploads\/2026\/04\/Capture-decran-2026-04-18-a-23.26.51-1201x1536.jpg 1201w, https:\/\/bruno-brechemier.fr\/wp-content\/uploads\/2026\/04\/Capture-decran-2026-04-18-a-23.26.51-1320x1688.jpg 1320w, https:\/\/bruno-brechemier.fr\/wp-content\/uploads\/2026\/04\/Capture-decran-2026-04-18-a-23.26.51.jpg 1478w\" sizes=\"(max-width: 235px) 100vw, 235px\" \/><\/a><\/div><a class=\"wp-block-latest-posts__post-title\" href=\"https:\/\/bruno-brechemier.fr\/ja\/%e5%82%ac%e7%9c%a0%e3%81%a8%e6%97%a5%e6%9c%ac%e6%96%87%e5%8c%96%ef%bc%9a%e5%82%ac%e7%9c%a0%e7%99%82%e6%b3%95%e5%a3%ab%e3%83%bb%e4%b8%ad%e8%a5%bf%e7%9c%9f%e7%be%8e%e3%81%a8%e3%81%ae%e5%af%be%e8%a9%b1\/\">\u6771\u4eac\u306e\u30d2\u30d7\u30ce\u30bb\u30e9\u30d4\u30b9\u30c8\u3001\u4e2d\u897f\u9ebb\u7f8e\u3068\u306e\u30d3\u30c7\u30aa\u30c1\u30e3\u30c3\u30c8\u3002<\/a><div class=\"wp-block-latest-posts__post-author\">\u6295\u7a3f\u8005: Bruno BRECHEMIER<\/div><\/li>\n<li><div class=\"wp-block-latest-posts__featured-image aligncenter\"><a href=\"https:\/\/bruno-brechemier.fr\/ja\/%e7%94%9f%e3%81%91%e8%8a%b1%e3%80%81%e3%81%82%e3%82%8b%e3%81%84%e3%81%af%e7%8f%be%e5%ae%9f%e3%81%a8%e3%81%ae%e9%96%a2%e4%bf%82%e3%82%92%e5%86%8d%e8%aa%bf%e6%95%b4%e3%81%99%e3%82%8b%e8%8a%b8%e8%a1%93\/\" aria-label=\"\u751f\u3051\u82b1\u3001\u3042\u308b\u3044\u306f\u73fe\u5b9f\u3068\u306e\u95a2\u4fc2\u3092\u518d\u8abf\u6574\u3059\u308b\u82b8\u8853\"><img decoding=\"async\" width=\"224\" height=\"300\" src=\"https:\/\/bruno-brechemier.fr\/wp-content\/uploads\/2026\/02\/Photo-ikebana1-224x300.png\" class=\"attachment-medium size-medium wp-post-image\" alt=\"\" style=\"\" srcset=\"https:\/\/bruno-brechemier.fr\/wp-content\/uploads\/2026\/02\/Photo-ikebana1-224x300.png 224w, https:\/\/bruno-brechemier.fr\/wp-content\/uploads\/2026\/02\/Photo-ikebana1-764x1024.png 764w, https:\/\/bruno-brechemier.fr\/wp-content\/uploads\/2026\/02\/Photo-ikebana1-768x1029.png 768w, https:\/\/bruno-brechemier.fr\/wp-content\/uploads\/2026\/02\/Photo-ikebana1.png 1082w\" sizes=\"(max-width: 224px) 100vw, 224px\" \/><\/a><\/div><a class=\"wp-block-latest-posts__post-title\" href=\"https:\/\/bruno-brechemier.fr\/ja\/%e7%94%9f%e3%81%91%e8%8a%b1%e3%80%81%e3%81%82%e3%82%8b%e3%81%84%e3%81%af%e7%8f%be%e5%ae%9f%e3%81%a8%e3%81%ae%e9%96%a2%e4%bf%82%e3%82%92%e5%86%8d%e8%aa%bf%e6%95%b4%e3%81%99%e3%82%8b%e8%8a%b8%e8%a1%93\/\">\u751f\u3051\u82b1\u3001\u3042\u308b\u3044\u306f\u73fe\u5b9f\u3068\u306e\u95a2\u4fc2\u3092\u518d\u8abf\u6574\u3059\u308b\u82b8\u8853<\/a><div class=\"wp-block-latest-posts__post-author\">\u6295\u7a3f\u8005: Emiko SANSALVADORE (Rikei Ujigawa)<\/div><\/li>\n<li><div class=\"wp-block-latest-posts__featured-image aligncenter\"><a href=\"https:\/\/bruno-brechemier.fr\/ja\/%e6%97%a5%e6%9c%ac%e3%81%ae%e3%82%a4%e3%83%b3%e3%82%bf%e3%83%bc%e3%83%90%e3%83%ab%ef%bc%9a%e5%89%b5%e9%80%a0%e7%9a%84%e3%81%aa%e7%a9%ba%e9%96%93%e3%80%81%e9%96%a2%e4%bf%82%e6%80%a7%e3%80%81%e6%84%8f\/\" aria-label=\"\u65e5\u672c\u306e\u30a4\u30f3\u30bf\u30fc\u30d0\u30eb\uff1a\u5275\u9020\u7684\u306a\u7a7a\u9593\u3001\u95a2\u4fc2\u6027\u3001\u610f\u8b58\u306e\u5834\u6240\u3002\"><img decoding=\"async\" width=\"300\" height=\"169\" src=\"https:\/\/bruno-brechemier.fr\/wp-content\/uploads\/2026\/01\/Tobi-ishi-base-300x169.jpeg\" class=\"attachment-medium size-medium wp-post-image\" alt=\"\" style=\"\" srcset=\"https:\/\/bruno-brechemier.fr\/wp-content\/uploads\/2026\/01\/Tobi-ishi-base-300x169.jpeg 300w, https:\/\/bruno-brechemier.fr\/wp-content\/uploads\/2026\/01\/Tobi-ishi-base-1024x577.jpeg 1024w, https:\/\/bruno-brechemier.fr\/wp-content\/uploads\/2026\/01\/Tobi-ishi-base-768x433.jpeg 768w, https:\/\/bruno-brechemier.fr\/wp-content\/uploads\/2026\/01\/Tobi-ishi-base-1536x866.jpeg 1536w, https:\/\/bruno-brechemier.fr\/wp-content\/uploads\/2026\/01\/Tobi-ishi-base-1320x744.jpeg 1320w, https:\/\/bruno-brechemier.fr\/wp-content\/uploads\/2026\/01\/Tobi-ishi-base.jpeg 2048w\" sizes=\"(max-width: 300px) 100vw, 300px\" \/><\/a><\/div><a class=\"wp-block-latest-posts__post-title\" href=\"https:\/\/bruno-brechemier.fr\/ja\/%e6%97%a5%e6%9c%ac%e3%81%ae%e3%82%a4%e3%83%b3%e3%82%bf%e3%83%bc%e3%83%90%e3%83%ab%ef%bc%9a%e5%89%b5%e9%80%a0%e7%9a%84%e3%81%aa%e7%a9%ba%e9%96%93%e3%80%81%e9%96%a2%e4%bf%82%e6%80%a7%e3%80%81%e6%84%8f\/\">\u65e5\u672c\u306e\u30a4\u30f3\u30bf\u30fc\u30d0\u30eb\uff1a\u5275\u9020\u7684\u306a\u7a7a\u9593\u3001\u95a2\u4fc2\u6027\u3001\u610f\u8b58\u306e\u5834\u6240\u3002<\/a><div class=\"wp-block-latest-posts__post-author\">\u6295\u7a3f\u8005: Teddy PEIX<\/div><\/li>\n<li><div class=\"wp-block-latest-posts__featured-image aligncenter\"><a href=\"https:\/\/bruno-brechemier.fr\/ja\/%e7%a5%9e%e9%81%93%e3%81%ae%e7%a5%9e%e7%a4%be%e3%81%a7%e3%81%af%e3%80%81%e7%94%9f%e5%91%bd%e5%8a%9b%e3%81%ae%e3%82%a8%e3%83%8d%e3%83%ab%e3%82%ae%e3%83%bc%e3%81%af\/\" aria-label=\"\u795e\u9053\u306e\u795e\u793e\u3067\u306f\u3001\u751f\u547d\u529b\u306e\u30a8\u30cd\u30eb\u30ae\u30fc\u306f\"><img decoding=\"async\" width=\"300\" height=\"199\" src=\"https:\/\/bruno-brechemier.fr\/wp-content\/uploads\/2025\/09\/DSC_0035-300x199.jpg\" class=\"attachment-medium size-medium wp-post-image\" alt=\"\u6709\u540d\u306a\u53b3\u5cf6\u306e\u9ce5\u5c45\" style=\"\" srcset=\"https:\/\/bruno-brechemier.fr\/wp-content\/uploads\/2025\/09\/DSC_0035-300x199.jpg 300w, https:\/\/bruno-brechemier.fr\/wp-content\/uploads\/2025\/09\/DSC_0035-1024x681.jpg 1024w, https:\/\/bruno-brechemier.fr\/wp-content\/uploads\/2025\/09\/DSC_0035-768x511.jpg 768w, https:\/\/bruno-brechemier.fr\/wp-content\/uploads\/2025\/09\/DSC_0035-1536x1021.jpg 1536w, https:\/\/bruno-brechemier.fr\/wp-content\/uploads\/2025\/09\/DSC_0035-2048x1362.jpg 2048w\" sizes=\"(max-width: 300px) 100vw, 300px\" \/><\/a><\/div><a class=\"wp-block-latest-posts__post-title\" href=\"https:\/\/bruno-brechemier.fr\/ja\/%e7%a5%9e%e9%81%93%e3%81%ae%e7%a5%9e%e7%a4%be%e3%81%a7%e3%81%af%e3%80%81%e7%94%9f%e5%91%bd%e5%8a%9b%e3%81%ae%e3%82%a8%e3%83%8d%e3%83%ab%e3%82%ae%e3%83%bc%e3%81%af\/\">\u795e\u9053\u306e\u795e\u793e\u3067\u306f\u3001\u751f\u547d\u529b\u306e\u30a8\u30cd\u30eb\u30ae\u30fc\u306f<\/a><div class=\"wp-block-latest-posts__post-author\">\u6295\u7a3f\u8005: Bruno BRECHEMIER<\/div><\/li>\n<li><div class=\"wp-block-latest-posts__featured-image aligncenter\"><a href=\"https:\/\/bruno-brechemier.fr\/ja\/%e3%83%9e%e3%83%bc%e5%90%9b%e3%80%81%e6%97%a5%e6%9c%ac%e3%81%ae%e3%82%a4%e3%83%b3%e3%82%bf%e3%83%bc%e3%83%90%e3%83%ab%e3%80%81%e3%83%95%e3%83%a9%e3%83%b3%e3%82%bd%e3%83%af%e3%83%bb%e3%83%ab%e3%82%b9\/\" aria-label=\"\u9593\uff08\u307e\uff09\u2015\u2015\u65e5\u672c\u7684\u306a\u201c\u3042\u3044\u3060\u201d\u3068\u30d5\u30e9\u30f3\u30bd\u30ef\u30fb\u30eb\u30b9\u30bf\u30f3\u306e\u601d\u60f3\"><img decoding=\"async\" width=\"300\" height=\"242\" src=\"https:\/\/bruno-brechemier.fr\/wp-content\/uploads\/2025\/10\/Capture-decran-2025-10-06-a-22.59.29-300x242.png\" class=\"attachment-medium size-medium wp-post-image\" alt=\"\u5199\u771f\uff1a\u30d5\u30e9\u30f3\u30bd\u30ef\u30fb\u30eb\u30b9\u30bf\u30f3\" style=\"\" srcset=\"https:\/\/bruno-brechemier.fr\/wp-content\/uploads\/2025\/10\/Capture-decran-2025-10-06-a-22.59.29-300x242.png 300w, https:\/\/bruno-brechemier.fr\/wp-content\/uploads\/2025\/10\/Capture-decran-2025-10-06-a-22.59.29-1024x827.png 1024w, https:\/\/bruno-brechemier.fr\/wp-content\/uploads\/2025\/10\/Capture-decran-2025-10-06-a-22.59.29-768x620.png 768w, https:\/\/bruno-brechemier.fr\/wp-content\/uploads\/2025\/10\/Capture-decran-2025-10-06-a-22.59.29.png 1176w\" sizes=\"(max-width: 300px) 100vw, 300px\" \/><\/a><\/div><a class=\"wp-block-latest-posts__post-title\" href=\"https:\/\/bruno-brechemier.fr\/ja\/%e3%83%9e%e3%83%bc%e5%90%9b%e3%80%81%e6%97%a5%e6%9c%ac%e3%81%ae%e3%82%a4%e3%83%b3%e3%82%bf%e3%83%bc%e3%83%90%e3%83%ab%e3%80%81%e3%83%95%e3%83%a9%e3%83%b3%e3%82%bd%e3%83%af%e3%83%bb%e3%83%ab%e3%82%b9\/\">\u9593\uff08\u307e\uff09\u2015\u2015\u65e5\u672c\u7684\u306a\u201c\u3042\u3044\u3060\u201d\u3068\u30d5\u30e9\u30f3\u30bd\u30ef\u30fb\u30eb\u30b9\u30bf\u30f3\u306e\u601d\u60f3<\/a><div class=\"wp-block-latest-posts__post-author\">\u6295\u7a3f\u8005: Bruno BRECHEMIER<\/div><\/li>\n<\/ul><\/div>\n<\/div>\n","protected":false},"excerpt":{"rendered":"<p>L&#8217;hypnose, une [&hellip;]<\/p>\n","protected":false},"author":2,"featured_media":0,"parent":0,"menu_order":0,"comment_status":"closed","ping_status":"closed","template":"","meta":{"site-sidebar-layout":"default","site-content-layout":"","ast-site-content-layout":"default","site-content-style":"default","site-sidebar-style":"default","ast-global-header-display":"","ast-banner-title-visibility":"","ast-main-header-display":"","ast-hfb-above-header-display":"","ast-hfb-below-header-display":"","ast-hfb-mobile-header-display":"","site-post-title":"","ast-breadcrumbs-content":"","ast-featured-img":"","footer-sml-layout":"","ast-disable-related-posts":"","theme-transparent-header-meta":"","adv-header-id-meta":"","stick-header-meta":"","header-above-stick-meta":"","header-main-stick-meta":"","header-below-stick-meta":"","astra-migrate-meta-layouts":"default","ast-page-background-enabled":"default","ast-page-background-meta":{"desktop":{"background-color":"var(--ast-global-color-5)","background-image":"","background-repeat":"repeat","background-position":"center center","background-size":"auto","background-attachment":"scroll","background-type":"","background-media":"","overlay-type":"","overlay-color":"","overlay-opacity":"","overlay-gradient":""},"tablet":{"background-color":"","background-image":"","background-repeat":"repeat","background-position":"center center","background-size":"auto","background-attachment":"scroll","background-type":"","background-media":"","overlay-type":"","overlay-color":"","overlay-opacity":"","overlay-gradient":""},"mobile":{"background-color":"","background-image":"","background-repeat":"repeat","background-position":"center center","background-size":"auto","background-attachment":"scroll","background-type":"","background-media":"","overlay-type":"","overlay-color":"","overlay-opacity":"","overlay-gradient":""}},"ast-content-background-meta":{"desktop":{"background-color":"var(--ast-global-color-4)","background-image":"","background-repeat":"repeat","background-position":"center center","background-size":"auto","background-attachment":"scroll","background-type":"","background-media":"","overlay-type":"","overlay-color":"","overlay-opacity":"","overlay-gradient":""},"tablet":{"background-color":"var(--ast-global-color-4)","background-image":"","background-repeat":"repeat","background-position":"center center","background-size":"auto","background-attachment":"scroll","background-type":"","background-media":"","overlay-type":"","overlay-color":"","overlay-opacity":"","overlay-gradient":""},"mobile":{"background-color":"var(--ast-global-color-4)","background-image":"","background-repeat":"repeat","background-position":"center center","background-size":"auto","background-attachment":"scroll","background-type":"","background-media":"","overlay-type":"","overlay-color":"","overlay-opacity":"","overlay-gradient":""}},"footnotes":""},"class_list":["post-1682","page","type-page","status-publish","hentry"],"yoast_head":"<!-- This site is optimized with the Yoast SEO plugin v27.4 - https:\/\/yoast.com\/product\/yoast-seo-wordpress\/ -->\n<title>\u50ac\u7720\u306e\u8ad6\u6587 - Bruno Br\u00e9chemier<\/title>\n<meta name=\"robots\" content=\"index, follow, max-snippet:-1, max-image-preview:large, max-video-preview:-1\" \/>\n<link rel=\"canonical\" href=\"https:\/\/bruno-brechemier.fr\/ja\/%e5%9b%9e%e6%83%b3%e9%8c%b2\/\" \/>\n<meta property=\"og:locale\" content=\"ja_JP\" \/>\n<meta property=\"og:type\" content=\"article\" \/>\n<meta property=\"og:title\" content=\"\u50ac\u7720\u306e\u8ad6\u6587 - Bruno Br\u00e9chemier\" \/>\n<meta property=\"og:description\" content=\"L&#8217;hypnose, une [&hellip;]\" \/>\n<meta property=\"og:url\" content=\"https:\/\/bruno-brechemier.fr\/ja\/%e5%9b%9e%e6%83%b3%e9%8c%b2\/\" \/>\n<meta property=\"og:site_name\" content=\"Bruno Br\u00e9chemier\" \/>\n<meta property=\"article:modified_time\" content=\"2026-03-23T11:45:16+00:00\" \/>\n<meta name=\"twitter:card\" content=\"summary_large_image\" \/>\n<meta name=\"twitter:label1\" content=\"\u63a8\u5b9a\u8aad\u307f\u53d6\u308a\u6642\u9593\" \/>\n\t<meta name=\"twitter:data1\" content=\"1\u5206\" \/>\n<script type=\"application\/ld+json\" class=\"yoast-schema-graph\">{\"@context\":\"https:\\\/\\\/schema.org\",\"@graph\":[{\"@type\":\"WebPage\",\"@id\":\"https:\\\/\\\/bruno-brechemier.fr\\\/ja\\\/%e5%9b%9e%e6%83%b3%e9%8c%b2\\\/\",\"url\":\"https:\\\/\\\/bruno-brechemier.fr\\\/ja\\\/%e5%9b%9e%e6%83%b3%e9%8c%b2\\\/\",\"name\":\"\u50ac\u7720\u306e\u8ad6\u6587 - Bruno Br\u00e9chemier\",\"isPartOf\":{\"@id\":\"https:\\\/\\\/bruno-brechemier.fr\\\/ja\\\/#website\"},\"datePublished\":\"2025-09-23T17:01:41+00:00\",\"dateModified\":\"2026-03-23T11:45:16+00:00\",\"breadcrumb\":{\"@id\":\"https:\\\/\\\/bruno-brechemier.fr\\\/ja\\\/%e5%9b%9e%e6%83%b3%e9%8c%b2\\\/#breadcrumb\"},\"inLanguage\":\"ja\",\"potentialAction\":[{\"@type\":\"ReadAction\",\"target\":[\"https:\\\/\\\/bruno-brechemier.fr\\\/ja\\\/%e5%9b%9e%e6%83%b3%e9%8c%b2\\\/\"]}]},{\"@type\":\"BreadcrumbList\",\"@id\":\"https:\\\/\\\/bruno-brechemier.fr\\\/ja\\\/%e5%9b%9e%e6%83%b3%e9%8c%b2\\\/#breadcrumb\",\"itemListElement\":[{\"@type\":\"ListItem\",\"position\":1,\"name\":\"\u3044\u3089\u3063\u3057\u3083\u3044\u307e\u305b\",\"item\":\"https:\\\/\\\/bruno-brechemier.fr\\\/ja\\\/\"},{\"@type\":\"ListItem\",\"position\":2,\"name\":\"\u50ac\u7720\u306e\u8ad6\u6587\"}]},{\"@type\":\"WebSite\",\"@id\":\"https:\\\/\\\/bruno-brechemier.fr\\\/ja\\\/#website\",\"url\":\"https:\\\/\\\/bruno-brechemier.fr\\\/ja\\\/\",\"name\":\"Bruno Br\u00e9chemier\",\"description\":\"Se laisser inspirer par le dialogue entre hypnose et culture japonaise\",\"publisher\":{\"@id\":\"https:\\\/\\\/bruno-brechemier.fr\\\/ja\\\/#organization\"},\"potentialAction\":[{\"@type\":\"SearchAction\",\"target\":{\"@type\":\"EntryPoint\",\"urlTemplate\":\"https:\\\/\\\/bruno-brechemier.fr\\\/ja\\\/?s={search_term_string}\"},\"query-input\":{\"@type\":\"PropertyValueSpecification\",\"valueRequired\":true,\"valueName\":\"search_term_string\"}}],\"inLanguage\":\"ja\"},{\"@type\":\"Organization\",\"@id\":\"https:\\\/\\\/bruno-brechemier.fr\\\/ja\\\/#organization\",\"name\":\"Bruno Br\u00e9chemier\",\"url\":\"https:\\\/\\\/bruno-brechemier.fr\\\/ja\\\/\",\"logo\":{\"@type\":\"ImageObject\",\"inLanguage\":\"ja\",\"@id\":\"https:\\\/\\\/bruno-brechemier.fr\\\/ja\\\/#\\\/schema\\\/logo\\\/image\\\/\",\"url\":\"https:\\\/\\\/bruno-brechemier.fr\\\/wp-content\\\/uploads\\\/2025\\\/09\\\/cropped-logosite_entete_sans_texte-scaled-1.png\",\"contentUrl\":\"https:\\\/\\\/bruno-brechemier.fr\\\/wp-content\\\/uploads\\\/2025\\\/09\\\/cropped-logosite_entete_sans_texte-scaled-1.png\",\"width\":2558,\"height\":701,\"caption\":\"Bruno Br\u00e9chemier\"},\"image\":{\"@id\":\"https:\\\/\\\/bruno-brechemier.fr\\\/ja\\\/#\\\/schema\\\/logo\\\/image\\\/\"}}]}<\/script>\n<!-- \/ Yoast SEO plugin. -->","yoast_head_json":{"title":"\u50ac\u7720\u306e\u8ad6\u6587 - Bruno Br\u00e9chemier","robots":{"index":"index","follow":"follow","max-snippet":"max-snippet:-1","max-image-preview":"max-image-preview:large","max-video-preview":"max-video-preview:-1"},"canonical":"https:\/\/bruno-brechemier.fr\/ja\/%e5%9b%9e%e6%83%b3%e9%8c%b2\/","og_locale":"ja_JP","og_type":"article","og_title":"\u50ac\u7720\u306e\u8ad6\u6587 - Bruno Br\u00e9chemier","og_description":"L&#8217;hypnose, une [&hellip;]","og_url":"https:\/\/bruno-brechemier.fr\/ja\/%e5%9b%9e%e6%83%b3%e9%8c%b2\/","og_site_name":"Bruno Br\u00e9chemier","article_modified_time":"2026-03-23T11:45:16+00:00","twitter_card":"summary_large_image","twitter_misc":{"\u63a8\u5b9a\u8aad\u307f\u53d6\u308a\u6642\u9593":"1\u5206"},"schema":{"@context":"https:\/\/schema.org","@graph":[{"@type":"WebPage","@id":"https:\/\/bruno-brechemier.fr\/ja\/%e5%9b%9e%e6%83%b3%e9%8c%b2\/","url":"https:\/\/bruno-brechemier.fr\/ja\/%e5%9b%9e%e6%83%b3%e9%8c%b2\/","name":"\u50ac\u7720\u306e\u8ad6\u6587 - Bruno Br\u00e9chemier","isPartOf":{"@id":"https:\/\/bruno-brechemier.fr\/ja\/#website"},"datePublished":"2025-09-23T17:01:41+00:00","dateModified":"2026-03-23T11:45:16+00:00","breadcrumb":{"@id":"https:\/\/bruno-brechemier.fr\/ja\/%e5%9b%9e%e6%83%b3%e9%8c%b2\/#breadcrumb"},"inLanguage":"ja","potentialAction":[{"@type":"ReadAction","target":["https:\/\/bruno-brechemier.fr\/ja\/%e5%9b%9e%e6%83%b3%e9%8c%b2\/"]}]},{"@type":"BreadcrumbList","@id":"https:\/\/bruno-brechemier.fr\/ja\/%e5%9b%9e%e6%83%b3%e9%8c%b2\/#breadcrumb","itemListElement":[{"@type":"ListItem","position":1,"name":"\u3044\u3089\u3063\u3057\u3083\u3044\u307e\u305b","item":"https:\/\/bruno-brechemier.fr\/ja\/"},{"@type":"ListItem","position":2,"name":"\u50ac\u7720\u306e\u8ad6\u6587"}]},{"@type":"WebSite","@id":"https:\/\/bruno-brechemier.fr\/ja\/#website","url":"https:\/\/bruno-brechemier.fr\/ja\/","name":"Bruno Br\u00e9chemier","description":"Se laisser inspirer par le dialogue entre hypnose et culture japonaise","publisher":{"@id":"https:\/\/bruno-brechemier.fr\/ja\/#organization"},"potentialAction":[{"@type":"SearchAction","target":{"@type":"EntryPoint","urlTemplate":"https:\/\/bruno-brechemier.fr\/ja\/?s={search_term_string}"},"query-input":{"@type":"PropertyValueSpecification","valueRequired":true,"valueName":"search_term_string"}}],"inLanguage":"ja"},{"@type":"Organization","@id":"https:\/\/bruno-brechemier.fr\/ja\/#organization","name":"Bruno Br\u00e9chemier","url":"https:\/\/bruno-brechemier.fr\/ja\/","logo":{"@type":"ImageObject","inLanguage":"ja","@id":"https:\/\/bruno-brechemier.fr\/ja\/#\/schema\/logo\/image\/","url":"https:\/\/bruno-brechemier.fr\/wp-content\/uploads\/2025\/09\/cropped-logosite_entete_sans_texte-scaled-1.png","contentUrl":"https:\/\/bruno-brechemier.fr\/wp-content\/uploads\/2025\/09\/cropped-logosite_entete_sans_texte-scaled-1.png","width":2558,"height":701,"caption":"Bruno Br\u00e9chemier"},"image":{"@id":"https:\/\/bruno-brechemier.fr\/ja\/#\/schema\/logo\/image\/"}}]}},"_links":{"self":[{"href":"https:\/\/bruno-brechemier.fr\/ja\/wp-json\/wp\/v2\/pages\/1682","targetHints":{"allow":["GET"]}}],"collection":[{"href":"https:\/\/bruno-brechemier.fr\/ja\/wp-json\/wp\/v2\/pages"}],"about":[{"href":"https:\/\/bruno-brechemier.fr\/ja\/wp-json\/wp\/v2\/types\/page"}],"author":[{"embeddable":true,"href":"https:\/\/bruno-brechemier.fr\/ja\/wp-json\/wp\/v2\/users\/2"}],"replies":[{"embeddable":true,"href":"https:\/\/bruno-brechemier.fr\/ja\/wp-json\/wp\/v2\/comments?post=1682"}],"version-history":[{"count":4,"href":"https:\/\/bruno-brechemier.fr\/ja\/wp-json\/wp\/v2\/pages\/1682\/revisions"}],"predecessor-version":[{"id":5192,"href":"https:\/\/bruno-brechemier.fr\/ja\/wp-json\/wp\/v2\/pages\/1682\/revisions\/5192"}],"wp:attachment":[{"href":"https:\/\/bruno-brechemier.fr\/ja\/wp-json\/wp\/v2\/media?parent=1682"}],"curies":[{"name":"wp","href":"https:\/\/api.w.org\/{rel}","templated":true}]}}