{"id":2954,"date":"2025-10-13T15:41:18","date_gmt":"2025-10-13T15:41:18","guid":{"rendered":"https:\/\/bruno-brechemier.fr\/subscribe-to-my-newsletter\/"},"modified":"2025-10-15T08:38:47","modified_gmt":"2025-10-15T08:38:47","slug":"subscribe-to-my-newsletter","status":"publish","type":"page","link":"https:\/\/bruno-brechemier.fr\/en\/subscribe-to-my-newsletter\/","title":{"rendered":"Subscribe to my Newsletter"},"content":{"rendered":"  \n  \n  <div class=\"\n    mailpoet_form_popup_overlay\n      \"><\/div>\n  <div\n    id=\"mailpoet_form_2\"\n    class=\"\n      mailpoet_form\n      mailpoet_form_html\n      mailpoet_form_position_\n      mailpoet_form_animation_\n    \"\n      >\n\n    <style type=\"text\/css\">\n     #mailpoet_form_2 .mailpoet_form {  }\n#mailpoet_form_2 .mailpoet_column_with_background { padding: 10px; }\n#mailpoet_form_2 .mailpoet_form_column:not(:first-child) { margin-left: 20px; }\n#mailpoet_form_2 .mailpoet_paragraph { line-height: 20px; margin-bottom: 20px; }\n#mailpoet_form_2 .mailpoet_segment_label, #mailpoet_form_2 .mailpoet_text_label, #mailpoet_form_2 .mailpoet_textarea_label, #mailpoet_form_2 .mailpoet_select_label, #mailpoet_form_2 .mailpoet_radio_label, #mailpoet_form_2 .mailpoet_checkbox_label, #mailpoet_form_2 .mailpoet_list_label, #mailpoet_form_2 .mailpoet_date_label { display: block; font-weight: normal; }\n#mailpoet_form_2 .mailpoet_text, #mailpoet_form_2 .mailpoet_textarea, #mailpoet_form_2 .mailpoet_select, #mailpoet_form_2 .mailpoet_date_month, #mailpoet_form_2 .mailpoet_date_day, #mailpoet_form_2 .mailpoet_date_year, #mailpoet_form_2 .mailpoet_date { display: block; }\n#mailpoet_form_2 .mailpoet_text, #mailpoet_form_2 .mailpoet_textarea { width: 200px; }\n#mailpoet_form_2 .mailpoet_checkbox {  }\n#mailpoet_form_2 .mailpoet_submit {  }\n#mailpoet_form_2 .mailpoet_divider {  }\n#mailpoet_form_2 .mailpoet_message {  }\n#mailpoet_form_2 .mailpoet_form_loading { width: 30px; text-align: center; line-height: normal; }\n#mailpoet_form_2 .mailpoet_form_loading > span { width: 5px; height: 5px; background-color: #5b5b5b; }#mailpoet_form_2{border-radius: 0px;text-align: left;}#mailpoet_form_2 form.mailpoet_form {padding: 20px;}#mailpoet_form_2{width: 100%;}#mailpoet_form_2 .mailpoet_message {margin: 0; padding: 0 20px;}#mailpoet_form_2 .mailpoet_paragraph.last {margin-bottom: 0} @media (max-width: 500px) {#mailpoet_form_2 {background-image: none;}} @media (min-width: 500px) {#mailpoet_form_2 .last .mailpoet_paragraph:last-child {margin-bottom: 0}}  @media (max-width: 500px) {#mailpoet_form_2 .mailpoet_form_column:last-child .mailpoet_paragraph:last-child {margin-bottom: 0}} \n    <\/style>\n\n    <form\n      target=\"_self\"\n      method=\"post\"\n      action=\"https:\/\/bruno-brechemier.fr\/wp-admin\/admin-post.php?action=mailpoet_subscription_form\"\n      class=\"mailpoet_form mailpoet_form_form mailpoet_form_html\"\n      novalidate\n      data-delay=\"\"\n      data-exit-intent-enabled=\"\"\n      data-trigger-mode=\"\"\n      data-click-trigger-selector=\"\"\n      data-font-family=\"\"\n      data-cookie-expiration-time=\"\"\n    >\n      <input type=\"hidden\" name=\"data[form_id]\" value=\"2\" \/>\n      <input type=\"hidden\" name=\"token\" value=\"01affae563\" \/>\n      <input type=\"hidden\" name=\"api_version\" value=\"v1\" \/>\n      <input type=\"hidden\" name=\"endpoint\" value=\"subscribers\" \/>\n      <input type=\"hidden\" name=\"mailpoet_method\" value=\"subscribe\" \/>\n\n      <label class=\"mailpoet_hp_email_label\" style=\"display: none !important;\">Please leave this field empty<input type=\"email\" name=\"data[email]\"\/><\/label><div class=\"mailpoet_paragraph \"><input type=\"email\" autocomplete=\"email\" class=\"mailpoet_text\" id=\"form_email_2\" name=\"data[form_field_ZjlkZGVhYzE4YWZmX2VtYWls]\" title=\"E-mail address\" value=\"\" style=\"width:100%;box-sizing:border-box;padding:5px;margin: 0 auto 0 0;\" data-automation-id=\"form_email\"  placeholder=\"E-mail address *\" aria-label=\"E-mail address *\" data-parsley-errors-container=\".mailpoet_error_1qgi5\" data-parsley-required=\"true\" required aria-required=\"true\" data-parsley-minlength=\"6\" data-parsley-maxlength=\"150\" data-parsley-type-message=\"This value should be a valid email.\" data-parsley-required-message=\"This field is required.\"\/><span class=\"mailpoet_error_1qgi5\"><\/span><\/div>\n<div class=\"mailpoet_paragraph \"><input type=\"text\" autocomplete=\"given-name\" class=\"mailpoet_text\" id=\"form_first_name_2\" name=\"data[form_field_ODQxZjRiOWJmNGNlX2ZpcnN0X25hbWU=]\" title=\"First name\" value=\"\" style=\"width:100%;box-sizing:border-box;padding:5px;margin: 0 auto 0 0;\" data-automation-id=\"form_first_name\"  placeholder=\"First name\" aria-label=\"First name\" data-parsley-errors-container=\".mailpoet_error_14pp7\" data-parsley-names='[&quot;Please specify a valid name.&quot;,&quot;Addresses in names are not permitted, please add your name instead.&quot;]'\/><span class=\"mailpoet_error_14pp7\"><\/span><\/div>\n<div class=\"mailpoet_paragraph \"><input type=\"text\" autocomplete=\"family-name\" class=\"mailpoet_text\" id=\"form_last_name_2\" name=\"data[form_field_ZjUwZTViMzI1YTNkX2xhc3RfbmFtZQ==]\" title=\"Name\" value=\"\" style=\"width:100%;box-sizing:border-box;padding:5px;margin: 0 auto 0 0;\" data-automation-id=\"form_last_name\"  placeholder=\"Name\" aria-label=\"Name\" data-parsley-errors-container=\".mailpoet_error_x2rfm\" data-parsley-names='[&quot;Please specify a valid name.&quot;,&quot;Addresses in names are not permitted, please add your name instead.&quot;]'\/><span class=\"mailpoet_error_x2rfm\"><\/span><\/div>\n<div class=\"mailpoet_paragraph \"><input type=\"submit\" class=\"mailpoet_submit\" value=\"I&#039;m subscribing!\" data-automation-id=\"subscribe-submit-button\" style=\"width:100%;box-sizing:border-box;padding:5px;margin: 0 auto 0 0;border-color:transparent;\" \/><span class=\"mailpoet_form_loading\"><span class=\"mailpoet_bounce1\"><\/span><span class=\"mailpoet_bounce2\"><\/span><span class=\"mailpoet_bounce3\"><\/span><\/span><\/div>\n\n      <div class=\"mailpoet_message\">\n        <p class=\"mailpoet_validate_success\"\n                style=\"display:none;\"\n                >V\u00e9rifiez votre boite de r\u00e9ception ou votre r\u00e9pertoire d\u2019ind\u00e9sirables pour confirmer votre abonnement.\n        <\/p>\n        <p class=\"mailpoet_validate_error\"\n                style=\"display:none;\"\n                >        <\/p>\n      <\/div>\n    <\/form>\n\n      <\/div>\n\n  \n\n\n<p class=\"has-text-align-center has-vivid-red-color has-text-color has-link-color wp-elements-58ce83bb08075ff7ecb9d3e806fb9fb1\" style=\"font-style:normal;font-weight:600\"><em>*You will receive my newsletter in English.<\/em><\/p>\n\n\n\n<p><\/p>\n","protected":false},"excerpt":{"rendered":"<p>*You will receive my newsletter in English.<\/p>\n","protected":false},"author":2,"featured_media":0,"parent":0,"menu_order":0,"comment_status":"closed","ping_status":"closed","template":"","meta":{"site-sidebar-layout":"default","site-content-layout":"","ast-site-content-layout":"narrow-width-container","site-content-style":"default","site-sidebar-style":"default","ast-global-header-display":"","ast-banner-title-visibility":"","ast-main-header-display":"","ast-hfb-above-header-display":"","ast-hfb-below-header-display":"","ast-hfb-mobile-header-display":"","site-post-title":"","ast-breadcrumbs-content":"","ast-featured-img":"","footer-sml-layout":"","ast-disable-related-posts":"","theme-transparent-header-meta":"","adv-header-id-meta":"","stick-header-meta":"","header-above-stick-meta":"","header-main-stick-meta":"","header-below-stick-meta":"","astra-migrate-meta-layouts":"default","ast-page-background-enabled":"default","ast-page-background-meta":{"desktop":{"background-color":"var(--ast-global-color-5)","background-image":"","background-repeat":"repeat","background-position":"center center","background-size":"auto","background-attachment":"scroll","background-type":"","background-media":"","overlay-type":"","overlay-color":"","overlay-opacity":"","overlay-gradient":""},"tablet":{"background-color":"","background-image":"","background-repeat":"repeat","background-position":"center center","background-size":"auto","background-attachment":"scroll","background-type":"","background-media":"","overlay-type":"","overlay-color":"","overlay-opacity":"","overlay-gradient":""},"mobile":{"background-color":"","background-image":"","background-repeat":"repeat","background-position":"center center","background-size":"auto","background-attachment":"scroll","background-type":"","background-media":"","overlay-type":"","overlay-color":"","overlay-opacity":"","overlay-gradient":""}},"ast-content-background-meta":{"desktop":{"background-color":"var(--ast-global-color-4)","background-image":"","background-repeat":"repeat","background-position":"center center","background-size":"auto","background-attachment":"scroll","background-type":"","background-media":"","overlay-type":"","overlay-color":"","overlay-opacity":"","overlay-gradient":""},"tablet":{"background-color":"var(--ast-global-color-4)","background-image":"","background-repeat":"repeat","background-position":"center center","background-size":"auto","background-attachment":"scroll","background-type":"","background-media":"","overlay-type":"","overlay-color":"","overlay-opacity":"","overlay-gradient":""},"mobile":{"background-color":"var(--ast-global-color-4)","background-image":"","background-repeat":"repeat","background-position":"center center","background-size":"auto","background-attachment":"scroll","background-type":"","background-media":"","overlay-type":"","overlay-color":"","overlay-opacity":"","overlay-gradient":""}},"footnotes":""},"class_list":["post-2954","page","type-page","status-publish","hentry"],"yoast_head":"<!-- This site is optimized with the Yoast SEO plugin v27.5 - https:\/\/yoast.com\/product\/yoast-seo-wordpress\/ -->\n<title>Subscribe to my Newsletter - Bruno Br\u00e9chemier<\/title>\n<meta name=\"robots\" content=\"index, follow, max-snippet:-1, max-image-preview:large, max-video-preview:-1\" \/>\n<link rel=\"canonical\" href=\"https:\/\/bruno-brechemier.fr\/en\/subscribe-to-my-newsletter\/\" \/>\n<meta property=\"og:locale\" content=\"en_US\" \/>\n<meta property=\"og:type\" content=\"article\" \/>\n<meta property=\"og:title\" content=\"Subscribe to my Newsletter - Bruno Br\u00e9chemier\" \/>\n<meta property=\"og:description\" content=\"*You will receive my newsletter in English.\" \/>\n<meta property=\"og:url\" content=\"https:\/\/bruno-brechemier.fr\/en\/subscribe-to-my-newsletter\/\" \/>\n<meta property=\"og:site_name\" content=\"Bruno Br\u00e9chemier\" \/>\n<meta property=\"article:modified_time\" content=\"2025-10-15T08:38:47+00:00\" \/>\n<meta name=\"twitter:card\" content=\"summary_large_image\" \/>\n<meta name=\"twitter:label1\" content=\"Est. reading time\" \/>\n\t<meta name=\"twitter:data1\" content=\"1 minute\" \/>\n<script type=\"application\/ld+json\" class=\"yoast-schema-graph\">{\"@context\":\"https:\\\/\\\/schema.org\",\"@graph\":[{\"@type\":\"WebPage\",\"@id\":\"https:\\\/\\\/bruno-brechemier.fr\\\/en\\\/subscribe-to-my-newsletter\\\/\",\"url\":\"https:\\\/\\\/bruno-brechemier.fr\\\/en\\\/subscribe-to-my-newsletter\\\/\",\"name\":\"Subscribe to my Newsletter - Bruno Br\u00e9chemier\",\"isPartOf\":{\"@id\":\"https:\\\/\\\/bruno-brechemier.fr\\\/en\\\/#website\"},\"datePublished\":\"2025-10-13T15:41:18+00:00\",\"dateModified\":\"2025-10-15T08:38:47+00:00\",\"breadcrumb\":{\"@id\":\"https:\\\/\\\/bruno-brechemier.fr\\\/en\\\/subscribe-to-my-newsletter\\\/#breadcrumb\"},\"inLanguage\":\"en-US\",\"potentialAction\":[{\"@type\":\"ReadAction\",\"target\":[\"https:\\\/\\\/bruno-brechemier.fr\\\/en\\\/subscribe-to-my-newsletter\\\/\"]}]},{\"@type\":\"BreadcrumbList\",\"@id\":\"https:\\\/\\\/bruno-brechemier.fr\\\/en\\\/subscribe-to-my-newsletter\\\/#breadcrumb\",\"itemListElement\":[{\"@type\":\"ListItem\",\"position\":1,\"name\":\"Home\",\"item\":\"https:\\\/\\\/bruno-brechemier.fr\\\/en\\\/\"},{\"@type\":\"ListItem\",\"position\":2,\"name\":\"Subscribe to my Newsletter\"}]},{\"@type\":\"WebSite\",\"@id\":\"https:\\\/\\\/bruno-brechemier.fr\\\/en\\\/#website\",\"url\":\"https:\\\/\\\/bruno-brechemier.fr\\\/en\\\/\",\"name\":\"Bruno Br\u00e9chemier\",\"description\":\"Se laisser inspirer par le dialogue entre hypnose et culture japonaise\",\"publisher\":{\"@id\":\"https:\\\/\\\/bruno-brechemier.fr\\\/en\\\/#organization\"},\"potentialAction\":[{\"@type\":\"SearchAction\",\"target\":{\"@type\":\"EntryPoint\",\"urlTemplate\":\"https:\\\/\\\/bruno-brechemier.fr\\\/en\\\/?s={search_term_string}\"},\"query-input\":{\"@type\":\"PropertyValueSpecification\",\"valueRequired\":true,\"valueName\":\"search_term_string\"}}],\"inLanguage\":\"en-US\"},{\"@type\":\"Organization\",\"@id\":\"https:\\\/\\\/bruno-brechemier.fr\\\/en\\\/#organization\",\"name\":\"Bruno Br\u00e9chemier\",\"url\":\"https:\\\/\\\/bruno-brechemier.fr\\\/en\\\/\",\"logo\":{\"@type\":\"ImageObject\",\"inLanguage\":\"en-US\",\"@id\":\"https:\\\/\\\/bruno-brechemier.fr\\\/en\\\/#\\\/schema\\\/logo\\\/image\\\/\",\"url\":\"https:\\\/\\\/bruno-brechemier.fr\\\/wp-content\\\/uploads\\\/2025\\\/09\\\/cropped-logosite_entete_sans_texte-scaled-1.png\",\"contentUrl\":\"https:\\\/\\\/bruno-brechemier.fr\\\/wp-content\\\/uploads\\\/2025\\\/09\\\/cropped-logosite_entete_sans_texte-scaled-1.png\",\"width\":2558,\"height\":701,\"caption\":\"Bruno Br\u00e9chemier\"},\"image\":{\"@id\":\"https:\\\/\\\/bruno-brechemier.fr\\\/en\\\/#\\\/schema\\\/logo\\\/image\\\/\"}}]}<\/script>\n<!-- \/ Yoast SEO plugin. -->","yoast_head_json":{"title":"Subscribe to my Newsletter - Bruno Br\u00e9chemier","robots":{"index":"index","follow":"follow","max-snippet":"max-snippet:-1","max-image-preview":"max-image-preview:large","max-video-preview":"max-video-preview:-1"},"canonical":"https:\/\/bruno-brechemier.fr\/en\/subscribe-to-my-newsletter\/","og_locale":"en_US","og_type":"article","og_title":"Subscribe to my Newsletter - Bruno Br\u00e9chemier","og_description":"*You will receive my newsletter in English.","og_url":"https:\/\/bruno-brechemier.fr\/en\/subscribe-to-my-newsletter\/","og_site_name":"Bruno Br\u00e9chemier","article_modified_time":"2025-10-15T08:38:47+00:00","twitter_card":"summary_large_image","twitter_misc":{"Est. reading time":"1 minute"},"schema":{"@context":"https:\/\/schema.org","@graph":[{"@type":"WebPage","@id":"https:\/\/bruno-brechemier.fr\/en\/subscribe-to-my-newsletter\/","url":"https:\/\/bruno-brechemier.fr\/en\/subscribe-to-my-newsletter\/","name":"Subscribe to my Newsletter - Bruno Br\u00e9chemier","isPartOf":{"@id":"https:\/\/bruno-brechemier.fr\/en\/#website"},"datePublished":"2025-10-13T15:41:18+00:00","dateModified":"2025-10-15T08:38:47+00:00","breadcrumb":{"@id":"https:\/\/bruno-brechemier.fr\/en\/subscribe-to-my-newsletter\/#breadcrumb"},"inLanguage":"en-US","potentialAction":[{"@type":"ReadAction","target":["https:\/\/bruno-brechemier.fr\/en\/subscribe-to-my-newsletter\/"]}]},{"@type":"BreadcrumbList","@id":"https:\/\/bruno-brechemier.fr\/en\/subscribe-to-my-newsletter\/#breadcrumb","itemListElement":[{"@type":"ListItem","position":1,"name":"Home","item":"https:\/\/bruno-brechemier.fr\/en\/"},{"@type":"ListItem","position":2,"name":"Subscribe to my Newsletter"}]},{"@type":"WebSite","@id":"https:\/\/bruno-brechemier.fr\/en\/#website","url":"https:\/\/bruno-brechemier.fr\/en\/","name":"Bruno Br\u00e9chemier","description":"Se laisser inspirer par le dialogue entre hypnose et culture japonaise","publisher":{"@id":"https:\/\/bruno-brechemier.fr\/en\/#organization"},"potentialAction":[{"@type":"SearchAction","target":{"@type":"EntryPoint","urlTemplate":"https:\/\/bruno-brechemier.fr\/en\/?s={search_term_string}"},"query-input":{"@type":"PropertyValueSpecification","valueRequired":true,"valueName":"search_term_string"}}],"inLanguage":"en-US"},{"@type":"Organization","@id":"https:\/\/bruno-brechemier.fr\/en\/#organization","name":"Bruno Br\u00e9chemier","url":"https:\/\/bruno-brechemier.fr\/en\/","logo":{"@type":"ImageObject","inLanguage":"en-US","@id":"https:\/\/bruno-brechemier.fr\/en\/#\/schema\/logo\/image\/","url":"https:\/\/bruno-brechemier.fr\/wp-content\/uploads\/2025\/09\/cropped-logosite_entete_sans_texte-scaled-1.png","contentUrl":"https:\/\/bruno-brechemier.fr\/wp-content\/uploads\/2025\/09\/cropped-logosite_entete_sans_texte-scaled-1.png","width":2558,"height":701,"caption":"Bruno Br\u00e9chemier"},"image":{"@id":"https:\/\/bruno-brechemier.fr\/en\/#\/schema\/logo\/image\/"}}]}},"_links":{"self":[{"href":"https:\/\/bruno-brechemier.fr\/en\/wp-json\/wp\/v2\/pages\/2954","targetHints":{"allow":["GET"]}}],"collection":[{"href":"https:\/\/bruno-brechemier.fr\/en\/wp-json\/wp\/v2\/pages"}],"about":[{"href":"https:\/\/bruno-brechemier.fr\/en\/wp-json\/wp\/v2\/types\/page"}],"author":[{"embeddable":true,"href":"https:\/\/bruno-brechemier.fr\/en\/wp-json\/wp\/v2\/users\/2"}],"replies":[{"embeddable":true,"href":"https:\/\/bruno-brechemier.fr\/en\/wp-json\/wp\/v2\/comments?post=2954"}],"version-history":[{"count":0,"href":"https:\/\/bruno-brechemier.fr\/en\/wp-json\/wp\/v2\/pages\/2954\/revisions"}],"wp:attachment":[{"href":"https:\/\/bruno-brechemier.fr\/en\/wp-json\/wp\/v2\/media?parent=2954"}],"curies":[{"name":"wp","href":"https:\/\/api.w.org\/{rel}","templated":true}]}}