{"id":2417,"date":"2025-10-05T20:43:28","date_gmt":"2025-10-05T20:43:28","guid":{"rendered":"https:\/\/bruno-brechemier.fr\/foreword-by-dr-jean-marc-benhaiem\/"},"modified":"2025-11-10T09:35:49","modified_gmt":"2025-11-10T09:35:49","slug":"foreword-by-dr-jean-marc-benhaiem","status":"publish","type":"page","link":"https:\/\/bruno-brechemier.fr\/en\/foreword-by-dr-jean-marc-benhaiem\/","title":{"rendered":"Foreword by Dr Jean-Marc Benha\u00efem"},"content":{"rendered":"\n<div class=\"wp-block-columns is-layout-flex wp-container-core-columns-is-layout-28f84493 wp-block-columns-is-layout-flex\">\n<div class=\"wp-block-column is-layout-flow wp-block-column-is-layout-flow\" style=\"flex-basis:66.66%\">\n<div class=\"wp-block-group is-layout-constrained wp-block-group-is-layout-constrained\">\n<p class=\"textejustification\">When a person consults us and requests a hypnosis session, for example, for a difficulty in taking action, we often suggest the following exercise: &#8220;Let your thoughts join your body&#8221;. The person closes his or her eyes, gently enters the hypnotic trance and experiences the unification of mind and body. Their thoughts are incorporated. The mind needs the body to find its measure, and the body needs the mind to take action.     <\/p>\n\n\n\n<p class=\"textejustification\">This exercise illustrates the cultural difference between the West and the Far East. In the West, we have favored the desire to understand and analyze everything. In the Far East and Japan, the art of gesture, engraving and relational weaving has developed. After centuries of isolation and division, a strong curiosity has grown in Europe over the last few decades about the contribution of Japanese practices.   <\/p>\n\n\n\n<p class=\"textejustification\">The author of this book, Bruno Br\u00e9chemier, invites us to a dance between hypnosis and Japanese culture. His intention is to prove that these two approaches are complementary and help us find our balance. The author confronts us with numerous situations that he has explored with passion. Calligraphy, body posture, silence, Shinto and the tea ceremony are a mine of metaphors that invite us to incorporate our thoughts into a gesture that makes us exist. Hypnosis is this natural physiological function which, likewise, resorts to metaphors to reach, through imagined and felt movement, a body that acts to free itself from a dominant mind.    <\/p>\n\n\n\n<p class=\"textejustification\">Immerse yourself calmly and simply in this book, let its depth capture you, and you&#8217;ll feel the benefits of all the insights provided by the author.<\/p>\n<\/div>\n\n\n\n<p>Dr. Jean-Marc Benhaiem, Director of the DU Hypnose m\u00e9dicale at the Piti\u00e9-Salp\u00eatri\u00e8re Hospital in Paris<\/p>\n<\/div>\n<\/div>\n","protected":false},"excerpt":{"rendered":"<p>When a person consults us and requests a hypnosis session, for example, for a difficulty in taking action, we often [&hellip;]<\/p>\n","protected":false},"author":2,"featured_media":0,"parent":0,"menu_order":0,"comment_status":"closed","ping_status":"closed","template":"","meta":{"site-sidebar-layout":"default","site-content-layout":"","ast-site-content-layout":"default","site-content-style":"default","site-sidebar-style":"default","ast-global-header-display":"","ast-banner-title-visibility":"","ast-main-header-display":"","ast-hfb-above-header-display":"","ast-hfb-below-header-display":"","ast-hfb-mobile-header-display":"","site-post-title":"","ast-breadcrumbs-content":"","ast-featured-img":"","footer-sml-layout":"","ast-disable-related-posts":"","theme-transparent-header-meta":"","adv-header-id-meta":"","stick-header-meta":"","header-above-stick-meta":"","header-main-stick-meta":"","header-below-stick-meta":"","astra-migrate-meta-layouts":"default","ast-page-background-enabled":"default","ast-page-background-meta":{"desktop":{"background-color":"var(--ast-global-color-5)","background-image":"","background-repeat":"repeat","background-position":"center center","background-size":"auto","background-attachment":"scroll","background-type":"","background-media":"","overlay-type":"","overlay-color":"","overlay-opacity":"","overlay-gradient":""},"tablet":{"background-color":"","background-image":"","background-repeat":"repeat","background-position":"center center","background-size":"auto","background-attachment":"scroll","background-type":"","background-media":"","overlay-type":"","overlay-color":"","overlay-opacity":"","overlay-gradient":""},"mobile":{"background-color":"","background-image":"","background-repeat":"repeat","background-position":"center center","background-size":"auto","background-attachment":"scroll","background-type":"","background-media":"","overlay-type":"","overlay-color":"","overlay-opacity":"","overlay-gradient":""}},"ast-content-background-meta":{"desktop":{"background-color":"var(--ast-global-color-4)","background-image":"","background-repeat":"repeat","background-position":"center center","background-size":"auto","background-attachment":"scroll","background-type":"","background-media":"","overlay-type":"","overlay-color":"","overlay-opacity":"","overlay-gradient":""},"tablet":{"background-color":"var(--ast-global-color-4)","background-image":"","background-repeat":"repeat","background-position":"center center","background-size":"auto","background-attachment":"scroll","background-type":"","background-media":"","overlay-type":"","overlay-color":"","overlay-opacity":"","overlay-gradient":""},"mobile":{"background-color":"var(--ast-global-color-4)","background-image":"","background-repeat":"repeat","background-position":"center center","background-size":"auto","background-attachment":"scroll","background-type":"","background-media":"","overlay-type":"","overlay-color":"","overlay-opacity":"","overlay-gradient":""}},"footnotes":""},"class_list":["post-2417","page","type-page","status-publish","hentry"],"yoast_head":"<!-- This site is optimized with the Yoast SEO plugin v27.4 - https:\/\/yoast.com\/product\/yoast-seo-wordpress\/ -->\n<title>Foreword by Dr Jean-Marc Benha\u00efem - Bruno Br\u00e9chemier<\/title>\n<meta name=\"robots\" content=\"index, follow, max-snippet:-1, max-image-preview:large, max-video-preview:-1\" \/>\n<link rel=\"canonical\" href=\"https:\/\/bruno-brechemier.fr\/en\/foreword-by-dr-jean-marc-benhaiem\/\" \/>\n<meta property=\"og:locale\" content=\"en_US\" \/>\n<meta property=\"og:type\" content=\"article\" \/>\n<meta property=\"og:title\" content=\"Foreword by Dr Jean-Marc Benha\u00efem - Bruno Br\u00e9chemier\" \/>\n<meta property=\"og:description\" content=\"When a person consults us and requests a hypnosis session, for example, for a difficulty in taking action, we often [&hellip;]\" \/>\n<meta property=\"og:url\" content=\"https:\/\/bruno-brechemier.fr\/en\/foreword-by-dr-jean-marc-benhaiem\/\" \/>\n<meta property=\"og:site_name\" content=\"Bruno Br\u00e9chemier\" \/>\n<meta property=\"article:modified_time\" content=\"2025-11-10T09:35:49+00:00\" \/>\n<meta name=\"twitter:card\" content=\"summary_large_image\" \/>\n<meta name=\"twitter:label1\" content=\"Est. reading time\" \/>\n\t<meta name=\"twitter:data1\" content=\"1 minute\" \/>\n<script type=\"application\/ld+json\" class=\"yoast-schema-graph\">{\"@context\":\"https:\\\/\\\/schema.org\",\"@graph\":[{\"@type\":\"WebPage\",\"@id\":\"https:\\\/\\\/bruno-brechemier.fr\\\/en\\\/foreword-by-dr-jean-marc-benhaiem\\\/\",\"url\":\"https:\\\/\\\/bruno-brechemier.fr\\\/en\\\/foreword-by-dr-jean-marc-benhaiem\\\/\",\"name\":\"Foreword by Dr Jean-Marc Benha\u00efem - Bruno Br\u00e9chemier\",\"isPartOf\":{\"@id\":\"https:\\\/\\\/bruno-brechemier.fr\\\/en\\\/#website\"},\"datePublished\":\"2025-10-05T20:43:28+00:00\",\"dateModified\":\"2025-11-10T09:35:49+00:00\",\"breadcrumb\":{\"@id\":\"https:\\\/\\\/bruno-brechemier.fr\\\/en\\\/foreword-by-dr-jean-marc-benhaiem\\\/#breadcrumb\"},\"inLanguage\":\"en-US\",\"potentialAction\":[{\"@type\":\"ReadAction\",\"target\":[\"https:\\\/\\\/bruno-brechemier.fr\\\/en\\\/foreword-by-dr-jean-marc-benhaiem\\\/\"]}]},{\"@type\":\"BreadcrumbList\",\"@id\":\"https:\\\/\\\/bruno-brechemier.fr\\\/en\\\/foreword-by-dr-jean-marc-benhaiem\\\/#breadcrumb\",\"itemListElement\":[{\"@type\":\"ListItem\",\"position\":1,\"name\":\"Home\",\"item\":\"https:\\\/\\\/bruno-brechemier.fr\\\/en\\\/\"},{\"@type\":\"ListItem\",\"position\":2,\"name\":\"Foreword by Dr Jean-Marc Benha\u00efem\"}]},{\"@type\":\"WebSite\",\"@id\":\"https:\\\/\\\/bruno-brechemier.fr\\\/en\\\/#website\",\"url\":\"https:\\\/\\\/bruno-brechemier.fr\\\/en\\\/\",\"name\":\"Bruno Br\u00e9chemier\",\"description\":\"Se laisser inspirer par le dialogue entre hypnose et culture japonaise\",\"publisher\":{\"@id\":\"https:\\\/\\\/bruno-brechemier.fr\\\/en\\\/#organization\"},\"potentialAction\":[{\"@type\":\"SearchAction\",\"target\":{\"@type\":\"EntryPoint\",\"urlTemplate\":\"https:\\\/\\\/bruno-brechemier.fr\\\/en\\\/?s={search_term_string}\"},\"query-input\":{\"@type\":\"PropertyValueSpecification\",\"valueRequired\":true,\"valueName\":\"search_term_string\"}}],\"inLanguage\":\"en-US\"},{\"@type\":\"Organization\",\"@id\":\"https:\\\/\\\/bruno-brechemier.fr\\\/en\\\/#organization\",\"name\":\"Bruno Br\u00e9chemier\",\"url\":\"https:\\\/\\\/bruno-brechemier.fr\\\/en\\\/\",\"logo\":{\"@type\":\"ImageObject\",\"inLanguage\":\"en-US\",\"@id\":\"https:\\\/\\\/bruno-brechemier.fr\\\/en\\\/#\\\/schema\\\/logo\\\/image\\\/\",\"url\":\"https:\\\/\\\/bruno-brechemier.fr\\\/wp-content\\\/uploads\\\/2025\\\/09\\\/cropped-logosite_entete_sans_texte-scaled-1.png\",\"contentUrl\":\"https:\\\/\\\/bruno-brechemier.fr\\\/wp-content\\\/uploads\\\/2025\\\/09\\\/cropped-logosite_entete_sans_texte-scaled-1.png\",\"width\":2558,\"height\":701,\"caption\":\"Bruno Br\u00e9chemier\"},\"image\":{\"@id\":\"https:\\\/\\\/bruno-brechemier.fr\\\/en\\\/#\\\/schema\\\/logo\\\/image\\\/\"}}]}<\/script>\n<!-- \/ Yoast SEO plugin. -->","yoast_head_json":{"title":"Foreword by Dr Jean-Marc Benha\u00efem - Bruno Br\u00e9chemier","robots":{"index":"index","follow":"follow","max-snippet":"max-snippet:-1","max-image-preview":"max-image-preview:large","max-video-preview":"max-video-preview:-1"},"canonical":"https:\/\/bruno-brechemier.fr\/en\/foreword-by-dr-jean-marc-benhaiem\/","og_locale":"en_US","og_type":"article","og_title":"Foreword by Dr Jean-Marc Benha\u00efem - Bruno Br\u00e9chemier","og_description":"When a person consults us and requests a hypnosis session, for example, for a difficulty in taking action, we often [&hellip;]","og_url":"https:\/\/bruno-brechemier.fr\/en\/foreword-by-dr-jean-marc-benhaiem\/","og_site_name":"Bruno Br\u00e9chemier","article_modified_time":"2025-11-10T09:35:49+00:00","twitter_card":"summary_large_image","twitter_misc":{"Est. reading time":"1 minute"},"schema":{"@context":"https:\/\/schema.org","@graph":[{"@type":"WebPage","@id":"https:\/\/bruno-brechemier.fr\/en\/foreword-by-dr-jean-marc-benhaiem\/","url":"https:\/\/bruno-brechemier.fr\/en\/foreword-by-dr-jean-marc-benhaiem\/","name":"Foreword by Dr Jean-Marc Benha\u00efem - Bruno Br\u00e9chemier","isPartOf":{"@id":"https:\/\/bruno-brechemier.fr\/en\/#website"},"datePublished":"2025-10-05T20:43:28+00:00","dateModified":"2025-11-10T09:35:49+00:00","breadcrumb":{"@id":"https:\/\/bruno-brechemier.fr\/en\/foreword-by-dr-jean-marc-benhaiem\/#breadcrumb"},"inLanguage":"en-US","potentialAction":[{"@type":"ReadAction","target":["https:\/\/bruno-brechemier.fr\/en\/foreword-by-dr-jean-marc-benhaiem\/"]}]},{"@type":"BreadcrumbList","@id":"https:\/\/bruno-brechemier.fr\/en\/foreword-by-dr-jean-marc-benhaiem\/#breadcrumb","itemListElement":[{"@type":"ListItem","position":1,"name":"Home","item":"https:\/\/bruno-brechemier.fr\/en\/"},{"@type":"ListItem","position":2,"name":"Foreword by Dr Jean-Marc Benha\u00efem"}]},{"@type":"WebSite","@id":"https:\/\/bruno-brechemier.fr\/en\/#website","url":"https:\/\/bruno-brechemier.fr\/en\/","name":"Bruno Br\u00e9chemier","description":"Se laisser inspirer par le dialogue entre hypnose et culture japonaise","publisher":{"@id":"https:\/\/bruno-brechemier.fr\/en\/#organization"},"potentialAction":[{"@type":"SearchAction","target":{"@type":"EntryPoint","urlTemplate":"https:\/\/bruno-brechemier.fr\/en\/?s={search_term_string}"},"query-input":{"@type":"PropertyValueSpecification","valueRequired":true,"valueName":"search_term_string"}}],"inLanguage":"en-US"},{"@type":"Organization","@id":"https:\/\/bruno-brechemier.fr\/en\/#organization","name":"Bruno Br\u00e9chemier","url":"https:\/\/bruno-brechemier.fr\/en\/","logo":{"@type":"ImageObject","inLanguage":"en-US","@id":"https:\/\/bruno-brechemier.fr\/en\/#\/schema\/logo\/image\/","url":"https:\/\/bruno-brechemier.fr\/wp-content\/uploads\/2025\/09\/cropped-logosite_entete_sans_texte-scaled-1.png","contentUrl":"https:\/\/bruno-brechemier.fr\/wp-content\/uploads\/2025\/09\/cropped-logosite_entete_sans_texte-scaled-1.png","width":2558,"height":701,"caption":"Bruno Br\u00e9chemier"},"image":{"@id":"https:\/\/bruno-brechemier.fr\/en\/#\/schema\/logo\/image\/"}}]}},"_links":{"self":[{"href":"https:\/\/bruno-brechemier.fr\/en\/wp-json\/wp\/v2\/pages\/2417","targetHints":{"allow":["GET"]}}],"collection":[{"href":"https:\/\/bruno-brechemier.fr\/en\/wp-json\/wp\/v2\/pages"}],"about":[{"href":"https:\/\/bruno-brechemier.fr\/en\/wp-json\/wp\/v2\/types\/page"}],"author":[{"embeddable":true,"href":"https:\/\/bruno-brechemier.fr\/en\/wp-json\/wp\/v2\/users\/2"}],"replies":[{"embeddable":true,"href":"https:\/\/bruno-brechemier.fr\/en\/wp-json\/wp\/v2\/comments?post=2417"}],"version-history":[{"count":2,"href":"https:\/\/bruno-brechemier.fr\/en\/wp-json\/wp\/v2\/pages\/2417\/revisions"}],"predecessor-version":[{"id":3828,"href":"https:\/\/bruno-brechemier.fr\/en\/wp-json\/wp\/v2\/pages\/2417\/revisions\/3828"}],"wp:attachment":[{"href":"https:\/\/bruno-brechemier.fr\/en\/wp-json\/wp\/v2\/media?parent=2417"}],"curies":[{"name":"wp","href":"https:\/\/api.w.org\/{rel}","templated":true}]}}